{"id":1447,"date":"2020-09-22T16:09:31","date_gmt":"2020-09-22T15:09:31","guid":{"rendered":"https:\/\/www.lhc-vacances.fr\/blog\/?page_id=1447"},"modified":"2020-09-22T16:15:03","modified_gmt":"2020-09-22T15:15:03","slug":"studio-hyeres-port3-4p","status":"publish","type":"page","link":"https:\/\/www.lhc-vacances.fr\/blog\/bienvenue\/studio-hyeres-port3-4p\/","title":{"rendered":"Studio Hy\u00e8res-Port3 &#8211; 4p"},"content":{"rendered":"<p><img loading=\"lazy\" decoding=\"async\" class=\"wp-image-1449 size-full alignright\" src=\"https:\/\/www.lhc-vacances.fr\/blog\/wp-content\/uploads\/2020\/09\/tn_plan.png\" alt=\"\" width=\"336\" height=\"224\" \/>Ce studio est <strong>id\u00e9alement situ\u00e9<\/strong> et <strong>tr\u00e8s lumineux<\/strong> gr\u00e2ce \u00e0 son exposition.<\/p>\n<p>A seulement <strong>100 m du port<\/strong> et des commerces, la r\u00e9sidence permet de passer des vacances sans voiture si vous le souhaitez, \u00e0 500 m vous trouverez <strong>deux plages de sable<\/strong>.<\/p>\n<p>Au port les activit\u00e9s ne manquent pas : d\u00e9part pour les \u00eeles, march\u00e9s, plong\u00e9e, voile, etc&#8230;<\/p>\n<p>Plus d\u2019informations, photos et tarifs : <a title=\"T2 \u00e0 Carqueiranne \u00e0 600 m de la mer\" href=\"http:\/\/www.lhc-vacances.fr\/hyeres-port3.php\" target=\"_blank\" rel=\"noopener noreferrer\">www.lhc-vacances.fr<\/a><\/p>\n<div id='gallery-1' class='gallery galleryid-1447 gallery-columns-3 gallery-size-thumbnail'><figure class='gallery-item'>\n\t\t\t<div class='gallery-icon landscape'>\n\t\t\t\t<a href='https:\/\/www.lhc-vacances.fr\/blog\/wp-content\/uploads\/2020\/09\/01_residence.jpg'><img loading=\"lazy\" decoding=\"async\" width=\"160\" height=\"120\" src=\"https:\/\/www.lhc-vacances.fr\/blog\/wp-content\/uploads\/2020\/09\/01_residence-160x120.jpg\" class=\"attachment-thumbnail size-thumbnail\" alt=\"\" aria-describedby=\"gallery-1-1452\" srcset=\"https:\/\/www.lhc-vacances.fr\/blog\/wp-content\/uploads\/2020\/09\/01_residence-160x120.jpg 160w, https:\/\/www.lhc-vacances.fr\/blog\/wp-content\/uploads\/2020\/09\/01_residence-400x300.jpg 400w, https:\/\/www.lhc-vacances.fr\/blog\/wp-content\/uploads\/2020\/09\/01_residence-640x480.jpg 640w\" sizes=\"auto, (max-width: 160px) 100vw, 160px\" \/><\/a>\n\t\t\t<\/div>\n\t\t\t\t<figcaption class='wp-caption-text gallery-caption' id='gallery-1-1452'>\n\t\t\t\tLa r\u00e9sidence \u00e0 100 m du port\n\t\t\t\t<\/figcaption><\/figure><figure class='gallery-item'>\n\t\t\t<div class='gallery-icon landscape'>\n\t\t\t\t<a href='https:\/\/www.lhc-vacances.fr\/blog\/wp-content\/uploads\/2020\/09\/02_residence.jpg'><img loading=\"lazy\" decoding=\"async\" width=\"160\" height=\"120\" src=\"https:\/\/www.lhc-vacances.fr\/blog\/wp-content\/uploads\/2020\/09\/02_residence-160x120.jpg\" class=\"attachment-thumbnail size-thumbnail\" alt=\"\" aria-describedby=\"gallery-1-1453\" srcset=\"https:\/\/www.lhc-vacances.fr\/blog\/wp-content\/uploads\/2020\/09\/02_residence-160x120.jpg 160w, https:\/\/www.lhc-vacances.fr\/blog\/wp-content\/uploads\/2020\/09\/02_residence-400x300.jpg 400w, https:\/\/www.lhc-vacances.fr\/blog\/wp-content\/uploads\/2020\/09\/02_residence-640x480.jpg 640w\" sizes=\"auto, (max-width: 160px) 100vw, 160px\" \/><\/a>\n\t\t\t<\/div>\n\t\t\t\t<figcaption class='wp-caption-text gallery-caption' id='gallery-1-1453'>\n\t\t\t\tR\u00e9sidence \u00ab\u00a0Les R\u00e9gates\u00a0\u00bb\n\t\t\t\t<\/figcaption><\/figure><figure class='gallery-item'>\n\t\t\t<div class='gallery-icon landscape'>\n\t\t\t\t<a href='https:\/\/www.lhc-vacances.fr\/blog\/wp-content\/uploads\/2020\/09\/03_terrasse.jpg'><img loading=\"lazy\" decoding=\"async\" width=\"160\" height=\"120\" src=\"https:\/\/www.lhc-vacances.fr\/blog\/wp-content\/uploads\/2020\/09\/03_terrasse-160x120.jpg\" class=\"attachment-thumbnail size-thumbnail\" alt=\"\" aria-describedby=\"gallery-1-1454\" srcset=\"https:\/\/www.lhc-vacances.fr\/blog\/wp-content\/uploads\/2020\/09\/03_terrasse-160x120.jpg 160w, https:\/\/www.lhc-vacances.fr\/blog\/wp-content\/uploads\/2020\/09\/03_terrasse-400x300.jpg 400w, https:\/\/www.lhc-vacances.fr\/blog\/wp-content\/uploads\/2020\/09\/03_terrasse-640x480.jpg 640w\" sizes=\"auto, (max-width: 160px) 100vw, 160px\" \/><\/a>\n\t\t\t<\/div>\n\t\t\t\t<figcaption class='wp-caption-text gallery-caption' id='gallery-1-1454'>\n\t\t\t\tTerrasse large et bien expos\u00e9e\n\t\t\t\t<\/figcaption><\/figure><figure class='gallery-item'>\n\t\t\t<div class='gallery-icon landscape'>\n\t\t\t\t<a href='https:\/\/www.lhc-vacances.fr\/blog\/wp-content\/uploads\/2020\/09\/04_piece.jpg'><img loading=\"lazy\" decoding=\"async\" width=\"160\" height=\"120\" src=\"https:\/\/www.lhc-vacances.fr\/blog\/wp-content\/uploads\/2020\/09\/04_piece-160x120.jpg\" class=\"attachment-thumbnail size-thumbnail\" alt=\"\" aria-describedby=\"gallery-1-1455\" srcset=\"https:\/\/www.lhc-vacances.fr\/blog\/wp-content\/uploads\/2020\/09\/04_piece-160x120.jpg 160w, https:\/\/www.lhc-vacances.fr\/blog\/wp-content\/uploads\/2020\/09\/04_piece-400x300.jpg 400w, https:\/\/www.lhc-vacances.fr\/blog\/wp-content\/uploads\/2020\/09\/04_piece-640x480.jpg 640w\" sizes=\"auto, (max-width: 160px) 100vw, 160px\" \/><\/a>\n\t\t\t<\/div>\n\t\t\t\t<figcaption class='wp-caption-text gallery-caption' id='gallery-1-1455'>\n\t\t\t\tPi\u00e8ce principale\n\t\t\t\t<\/figcaption><\/figure><figure class='gallery-item'>\n\t\t\t<div class='gallery-icon landscape'>\n\t\t\t\t<a href='https:\/\/www.lhc-vacances.fr\/blog\/wp-content\/uploads\/2020\/09\/05_piece.jpg'><img loading=\"lazy\" decoding=\"async\" width=\"160\" height=\"120\" src=\"https:\/\/www.lhc-vacances.fr\/blog\/wp-content\/uploads\/2020\/09\/05_piece-160x120.jpg\" class=\"attachment-thumbnail size-thumbnail\" alt=\"\" aria-describedby=\"gallery-1-1456\" srcset=\"https:\/\/www.lhc-vacances.fr\/blog\/wp-content\/uploads\/2020\/09\/05_piece-160x120.jpg 160w, https:\/\/www.lhc-vacances.fr\/blog\/wp-content\/uploads\/2020\/09\/05_piece-400x300.jpg 400w, https:\/\/www.lhc-vacances.fr\/blog\/wp-content\/uploads\/2020\/09\/05_piece-640x480.jpg 640w\" sizes=\"auto, (max-width: 160px) 100vw, 160px\" \/><\/a>\n\t\t\t<\/div>\n\t\t\t\t<figcaption class='wp-caption-text gallery-caption' id='gallery-1-1456'>\n\t\t\t\tPi\u00e8ce principale\n\t\t\t\t<\/figcaption><\/figure><figure class='gallery-item'>\n\t\t\t<div class='gallery-icon landscape'>\n\t\t\t\t<a href='https:\/\/www.lhc-vacances.fr\/blog\/wp-content\/uploads\/2020\/09\/06_cuisine.jpg'><img loading=\"lazy\" decoding=\"async\" width=\"160\" height=\"120\" src=\"https:\/\/www.lhc-vacances.fr\/blog\/wp-content\/uploads\/2020\/09\/06_cuisine-160x120.jpg\" class=\"attachment-thumbnail size-thumbnail\" alt=\"\" aria-describedby=\"gallery-1-1457\" srcset=\"https:\/\/www.lhc-vacances.fr\/blog\/wp-content\/uploads\/2020\/09\/06_cuisine-160x120.jpg 160w, https:\/\/www.lhc-vacances.fr\/blog\/wp-content\/uploads\/2020\/09\/06_cuisine-400x300.jpg 400w, https:\/\/www.lhc-vacances.fr\/blog\/wp-content\/uploads\/2020\/09\/06_cuisine-640x480.jpg 640w\" sizes=\"auto, (max-width: 160px) 100vw, 160px\" \/><\/a>\n\t\t\t<\/div>\n\t\t\t\t<figcaption class='wp-caption-text gallery-caption' id='gallery-1-1457'>\n\t\t\t\tCoin cuisine\n\t\t\t\t<\/figcaption><\/figure><figure class='gallery-item'>\n\t\t\t<div class='gallery-icon portrait'>\n\t\t\t\t<a href='https:\/\/www.lhc-vacances.fr\/blog\/wp-content\/uploads\/2020\/09\/07_coin_nuit.jpg'><img loading=\"lazy\" decoding=\"async\" width=\"160\" height=\"120\" src=\"https:\/\/www.lhc-vacances.fr\/blog\/wp-content\/uploads\/2020\/09\/07_coin_nuit-160x120.jpg\" class=\"attachment-thumbnail size-thumbnail\" alt=\"\" aria-describedby=\"gallery-1-1458\" srcset=\"https:\/\/www.lhc-vacances.fr\/blog\/wp-content\/uploads\/2020\/09\/07_coin_nuit-160x120.jpg 160w, https:\/\/www.lhc-vacances.fr\/blog\/wp-content\/uploads\/2020\/09\/07_coin_nuit-400x300.jpg 400w\" sizes=\"auto, (max-width: 160px) 100vw, 160px\" \/><\/a>\n\t\t\t<\/div>\n\t\t\t\t<figcaption class='wp-caption-text gallery-caption' id='gallery-1-1458'>\n\t\t\t\tLits superpos\u00e9s 190 x 80 cm\n\t\t\t\t<\/figcaption><\/figure><figure class='gallery-item'>\n\t\t\t<div class='gallery-icon landscape'>\n\t\t\t\t<a href='https:\/\/www.lhc-vacances.fr\/blog\/wp-content\/uploads\/2020\/09\/08_sdb.jpg'><img loading=\"lazy\" decoding=\"async\" width=\"160\" height=\"120\" src=\"https:\/\/www.lhc-vacances.fr\/blog\/wp-content\/uploads\/2020\/09\/08_sdb-160x120.jpg\" class=\"attachment-thumbnail size-thumbnail\" alt=\"\" aria-describedby=\"gallery-1-1460\" srcset=\"https:\/\/www.lhc-vacances.fr\/blog\/wp-content\/uploads\/2020\/09\/08_sdb-160x120.jpg 160w, https:\/\/www.lhc-vacances.fr\/blog\/wp-content\/uploads\/2020\/09\/08_sdb-400x300.jpg 400w, https:\/\/www.lhc-vacances.fr\/blog\/wp-content\/uploads\/2020\/09\/08_sdb-640x480.jpg 640w\" sizes=\"auto, (max-width: 160px) 100vw, 160px\" \/><\/a>\n\t\t\t<\/div>\n\t\t\t\t<figcaption class='wp-caption-text gallery-caption' id='gallery-1-1460'>\n\t\t\t\tSalle de bain\n\t\t\t\t<\/figcaption><\/figure><figure class='gallery-item'>\n\t\t\t<div class='gallery-icon landscape'>\n\t\t\t\t<a href='https:\/\/www.lhc-vacances.fr\/blog\/wp-content\/uploads\/2020\/09\/09_parking.jpg'><img loading=\"lazy\" decoding=\"async\" width=\"160\" height=\"120\" src=\"https:\/\/www.lhc-vacances.fr\/blog\/wp-content\/uploads\/2020\/09\/09_parking-160x120.jpg\" class=\"attachment-thumbnail size-thumbnail\" alt=\"\" aria-describedby=\"gallery-1-1461\" srcset=\"https:\/\/www.lhc-vacances.fr\/blog\/wp-content\/uploads\/2020\/09\/09_parking-160x120.jpg 160w, https:\/\/www.lhc-vacances.fr\/blog\/wp-content\/uploads\/2020\/09\/09_parking-400x300.jpg 400w, https:\/\/www.lhc-vacances.fr\/blog\/wp-content\/uploads\/2020\/09\/09_parking-640x480.jpg 640w\" sizes=\"auto, (max-width: 160px) 100vw, 160px\" \/><\/a>\n\t\t\t<\/div>\n\t\t\t\t<figcaption class='wp-caption-text gallery-caption' id='gallery-1-1461'>\n\t\t\t\tPlace de parking privative\n\t\t\t\t<\/figcaption><\/figure><figure class='gallery-item'>\n\t\t\t<div class='gallery-icon landscape'>\n\t\t\t\t<a href='https:\/\/www.lhc-vacances.fr\/blog\/wp-content\/uploads\/2020\/09\/10_port.jpg'><img loading=\"lazy\" decoding=\"async\" width=\"160\" height=\"120\" src=\"https:\/\/www.lhc-vacances.fr\/blog\/wp-content\/uploads\/2020\/09\/10_port-160x120.jpg\" class=\"attachment-thumbnail size-thumbnail\" alt=\"\" aria-describedby=\"gallery-1-1462\" srcset=\"https:\/\/www.lhc-vacances.fr\/blog\/wp-content\/uploads\/2020\/09\/10_port-160x120.jpg 160w, https:\/\/www.lhc-vacances.fr\/blog\/wp-content\/uploads\/2020\/09\/10_port-400x300.jpg 400w, https:\/\/www.lhc-vacances.fr\/blog\/wp-content\/uploads\/2020\/09\/10_port-640x480.jpg 640w\" sizes=\"auto, (max-width: 160px) 100vw, 160px\" \/><\/a>\n\t\t\t<\/div>\n\t\t\t\t<figcaption class='wp-caption-text gallery-caption' id='gallery-1-1462'>\n\t\t\t\tPort d&rsquo;Hy\u00e8res\n\t\t\t\t<\/figcaption><\/figure><figure class='gallery-item'>\n\t\t\t<div class='gallery-icon landscape'>\n\t\t\t\t<a href='https:\/\/www.lhc-vacances.fr\/blog\/wp-content\/uploads\/2020\/09\/11_plage.jpg'><img loading=\"lazy\" decoding=\"async\" width=\"160\" height=\"120\" src=\"https:\/\/www.lhc-vacances.fr\/blog\/wp-content\/uploads\/2020\/09\/11_plage-160x120.jpg\" class=\"attachment-thumbnail size-thumbnail\" alt=\"\" aria-describedby=\"gallery-1-1463\" srcset=\"https:\/\/www.lhc-vacances.fr\/blog\/wp-content\/uploads\/2020\/09\/11_plage-160x120.jpg 160w, https:\/\/www.lhc-vacances.fr\/blog\/wp-content\/uploads\/2020\/09\/11_plage-400x300.jpg 400w, https:\/\/www.lhc-vacances.fr\/blog\/wp-content\/uploads\/2020\/09\/11_plage-640x480.jpg 640w\" sizes=\"auto, (max-width: 160px) 100vw, 160px\" \/><\/a>\n\t\t\t<\/div>\n\t\t\t\t<figcaption class='wp-caption-text gallery-caption' id='gallery-1-1463'>\n\t\t\t\tPlage de sable\n\t\t\t\t<\/figcaption><\/figure><figure class='gallery-item'>\n\t\t\t<div class='gallery-icon landscape'>\n\t\t\t\t<a href='https:\/\/www.lhc-vacances.fr\/blog\/wp-content\/uploads\/2020\/09\/12_presquile.jpg'><img loading=\"lazy\" decoding=\"async\" width=\"160\" height=\"120\" src=\"https:\/\/www.lhc-vacances.fr\/blog\/wp-content\/uploads\/2020\/09\/12_presquile-160x120.jpg\" class=\"attachment-thumbnail size-thumbnail\" alt=\"\" aria-describedby=\"gallery-1-1464\" srcset=\"https:\/\/www.lhc-vacances.fr\/blog\/wp-content\/uploads\/2020\/09\/12_presquile-160x120.jpg 160w, https:\/\/www.lhc-vacances.fr\/blog\/wp-content\/uploads\/2020\/09\/12_presquile-400x300.jpg 400w, https:\/\/www.lhc-vacances.fr\/blog\/wp-content\/uploads\/2020\/09\/12_presquile-640x480.jpg 640w\" sizes=\"auto, (max-width: 160px) 100vw, 160px\" \/><\/a>\n\t\t\t<\/div>\n\t\t\t\t<figcaption class='wp-caption-text gallery-caption' id='gallery-1-1464'>\n\t\t\t\tPresqu&rsquo;\u00eele de Giens\n\t\t\t\t<\/figcaption><\/figure>\n\t\t<\/div>\n\n","protected":false},"excerpt":{"rendered":"<div class=\"mh-excerpt\"><p>Ce studio est id\u00e9alement situ\u00e9 et tr\u00e8s lumineux gr\u00e2ce \u00e0 son exposition. A seulement 100 m du port et des commerces, la r\u00e9sidence permet de <a class=\"mh-excerpt-more\" href=\"https:\/\/www.lhc-vacances.fr\/blog\/bienvenue\/studio-hyeres-port3-4p\/\" title=\"Studio Hy\u00e8res-Port3 &#8211; 4p\">[&#8230;]<\/a><\/p>\n<\/div>","protected":false},"author":1,"featured_media":0,"parent":2,"menu_order":0,"comment_status":"closed","ping_status":"closed","template":"","meta":{"footnotes":""},"class_list":["post-1447","page","type-page","status-publish","hentry"],"yoast_head":"<!-- This site is optimized with the Yoast SEO plugin v25.0 - https:\/\/yoast.com\/wordpress\/plugins\/seo\/ -->\n<title>Studio Hy\u00e8res-Port3 - 4p - Le Blog LHC - Plages, nature, sport et d\u00e9couverte<\/title>\n<meta name=\"robots\" content=\"index, follow, max-snippet:-1, max-image-preview:large, max-video-preview:-1\" \/>\n<link rel=\"canonical\" href=\"https:\/\/www.lhc-vacances.fr\/blog\/bienvenue\/studio-hyeres-port3-4p\/\" \/>\n<meta property=\"og:locale\" content=\"fr_FR\" \/>\n<meta property=\"og:type\" content=\"article\" \/>\n<meta property=\"og:title\" content=\"Studio Hy\u00e8res-Port3 - 4p - Le Blog LHC - Plages, nature, sport et d\u00e9couverte\" \/>\n<meta property=\"og:description\" content=\"Ce studio est id\u00e9alement situ\u00e9 et tr\u00e8s lumineux gr\u00e2ce \u00e0 son exposition. A seulement 100 m du port et des commerces, la r\u00e9sidence permet de [...]\" \/>\n<meta property=\"og:url\" content=\"https:\/\/www.lhc-vacances.fr\/blog\/bienvenue\/studio-hyeres-port3-4p\/\" \/>\n<meta property=\"og:site_name\" content=\"Le Blog LHC - Plages, nature, sport et d\u00e9couverte\" \/>\n<meta property=\"article:publisher\" content=\"https:\/\/www.facebook.com\/lhcvacances\/\" \/>\n<meta property=\"article:modified_time\" content=\"2020-09-22T15:15:03+00:00\" \/>\n<meta property=\"og:image\" content=\"https:\/\/www.lhc-vacances.fr\/blog\/wp-content\/uploads\/2020\/09\/01_residence-160x120.jpg\" \/>\n<meta name=\"twitter:card\" content=\"summary_large_image\" \/>\n<script type=\"application\/ld+json\" class=\"yoast-schema-graph\">{\"@context\":\"https:\/\/schema.org\",\"@graph\":[{\"@type\":\"WebPage\",\"@id\":\"https:\/\/www.lhc-vacances.fr\/blog\/bienvenue\/studio-hyeres-port3-4p\/\",\"url\":\"https:\/\/www.lhc-vacances.fr\/blog\/bienvenue\/studio-hyeres-port3-4p\/\",\"name\":\"Studio Hy\u00e8res-Port3 - 4p - Le Blog LHC - Plages, nature, sport et d\u00e9couverte\",\"isPartOf\":{\"@id\":\"https:\/\/www.lhc-vacances.fr\/blog\/#website\"},\"primaryImageOfPage\":{\"@id\":\"https:\/\/www.lhc-vacances.fr\/blog\/bienvenue\/studio-hyeres-port3-4p\/#primaryimage\"},\"image\":{\"@id\":\"https:\/\/www.lhc-vacances.fr\/blog\/bienvenue\/studio-hyeres-port3-4p\/#primaryimage\"},\"thumbnailUrl\":\"https:\/\/www.lhc-vacances.fr\/blog\/wp-content\/uploads\/2020\/09\/tn_plan.png\",\"datePublished\":\"2020-09-22T15:09:31+00:00\",\"dateModified\":\"2020-09-22T15:15:03+00:00\",\"breadcrumb\":{\"@id\":\"https:\/\/www.lhc-vacances.fr\/blog\/bienvenue\/studio-hyeres-port3-4p\/#breadcrumb\"},\"inLanguage\":\"fr-FR\",\"potentialAction\":[{\"@type\":\"ReadAction\",\"target\":[\"https:\/\/www.lhc-vacances.fr\/blog\/bienvenue\/studio-hyeres-port3-4p\/\"]}]},{\"@type\":\"ImageObject\",\"inLanguage\":\"fr-FR\",\"@id\":\"https:\/\/www.lhc-vacances.fr\/blog\/bienvenue\/studio-hyeres-port3-4p\/#primaryimage\",\"url\":\"https:\/\/www.lhc-vacances.fr\/blog\/wp-content\/uploads\/2020\/09\/tn_plan.png\",\"contentUrl\":\"https:\/\/www.lhc-vacances.fr\/blog\/wp-content\/uploads\/2020\/09\/tn_plan.png\",\"width\":336,\"height\":224},{\"@type\":\"BreadcrumbList\",\"@id\":\"https:\/\/www.lhc-vacances.fr\/blog\/bienvenue\/studio-hyeres-port3-4p\/#breadcrumb\",\"itemListElement\":[{\"@type\":\"ListItem\",\"position\":1,\"name\":\"Accueil\",\"item\":\"https:\/\/www.lhc-vacances.fr\/blog\/\"},{\"@type\":\"ListItem\",\"position\":2,\"name\":\"Locations\",\"item\":\"https:\/\/www.lhc-vacances.fr\/blog\/bienvenue\/\"},{\"@type\":\"ListItem\",\"position\":3,\"name\":\"Studio Hy\u00e8res-Port3 &#8211; 4p\"}]},{\"@type\":\"WebSite\",\"@id\":\"https:\/\/www.lhc-vacances.fr\/blog\/#website\",\"url\":\"https:\/\/www.lhc-vacances.fr\/blog\/\",\"name\":\"Le Blog LHC - Plages, nature, sport et d\u00e9couverte\",\"description\":\"www.lhc-vacances.fr\",\"publisher\":{\"@id\":\"https:\/\/www.lhc-vacances.fr\/blog\/#organization\"},\"potentialAction\":[{\"@type\":\"SearchAction\",\"target\":{\"@type\":\"EntryPoint\",\"urlTemplate\":\"https:\/\/www.lhc-vacances.fr\/blog\/?s={search_term_string}\"},\"query-input\":{\"@type\":\"PropertyValueSpecification\",\"valueRequired\":true,\"valueName\":\"search_term_string\"}}],\"inLanguage\":\"fr-FR\"},{\"@type\":\"Organization\",\"@id\":\"https:\/\/www.lhc-vacances.fr\/blog\/#organization\",\"name\":\"LHC Vacances\",\"url\":\"https:\/\/www.lhc-vacances.fr\/blog\/\",\"logo\":{\"@type\":\"ImageObject\",\"inLanguage\":\"fr-FR\",\"@id\":\"https:\/\/www.lhc-vacances.fr\/blog\/#\/schema\/logo\/image\/\",\"url\":\"https:\/\/www.lhc-vacances.fr\/blog\/wp-content\/uploads\/2021\/08\/carte-visite.jpg\",\"contentUrl\":\"https:\/\/www.lhc-vacances.fr\/blog\/wp-content\/uploads\/2021\/08\/carte-visite.jpg\",\"width\":722,\"height\":471,\"caption\":\"LHC Vacances\"},\"image\":{\"@id\":\"https:\/\/www.lhc-vacances.fr\/blog\/#\/schema\/logo\/image\/\"},\"sameAs\":[\"https:\/\/www.facebook.com\/lhcvacances\/\"]}]}<\/script>\n<!-- \/ Yoast SEO plugin. -->","yoast_head_json":{"title":"Studio Hy\u00e8res-Port3 - 4p - Le Blog LHC - Plages, nature, sport et d\u00e9couverte","robots":{"index":"index","follow":"follow","max-snippet":"max-snippet:-1","max-image-preview":"max-image-preview:large","max-video-preview":"max-video-preview:-1"},"canonical":"https:\/\/www.lhc-vacances.fr\/blog\/bienvenue\/studio-hyeres-port3-4p\/","og_locale":"fr_FR","og_type":"article","og_title":"Studio Hy\u00e8res-Port3 - 4p - Le Blog LHC - Plages, nature, sport et d\u00e9couverte","og_description":"Ce studio est id\u00e9alement situ\u00e9 et tr\u00e8s lumineux gr\u00e2ce \u00e0 son exposition. A seulement 100 m du port et des commerces, la r\u00e9sidence permet de [...]","og_url":"https:\/\/www.lhc-vacances.fr\/blog\/bienvenue\/studio-hyeres-port3-4p\/","og_site_name":"Le Blog LHC - Plages, nature, sport et d\u00e9couverte","article_publisher":"https:\/\/www.facebook.com\/lhcvacances\/","article_modified_time":"2020-09-22T15:15:03+00:00","og_image":[{"url":"https:\/\/www.lhc-vacances.fr\/blog\/wp-content\/uploads\/2020\/09\/01_residence-160x120.jpg","type":"","width":"","height":""}],"twitter_card":"summary_large_image","schema":{"@context":"https:\/\/schema.org","@graph":[{"@type":"WebPage","@id":"https:\/\/www.lhc-vacances.fr\/blog\/bienvenue\/studio-hyeres-port3-4p\/","url":"https:\/\/www.lhc-vacances.fr\/blog\/bienvenue\/studio-hyeres-port3-4p\/","name":"Studio Hy\u00e8res-Port3 - 4p - Le Blog LHC - Plages, nature, sport et d\u00e9couverte","isPartOf":{"@id":"https:\/\/www.lhc-vacances.fr\/blog\/#website"},"primaryImageOfPage":{"@id":"https:\/\/www.lhc-vacances.fr\/blog\/bienvenue\/studio-hyeres-port3-4p\/#primaryimage"},"image":{"@id":"https:\/\/www.lhc-vacances.fr\/blog\/bienvenue\/studio-hyeres-port3-4p\/#primaryimage"},"thumbnailUrl":"https:\/\/www.lhc-vacances.fr\/blog\/wp-content\/uploads\/2020\/09\/tn_plan.png","datePublished":"2020-09-22T15:09:31+00:00","dateModified":"2020-09-22T15:15:03+00:00","breadcrumb":{"@id":"https:\/\/www.lhc-vacances.fr\/blog\/bienvenue\/studio-hyeres-port3-4p\/#breadcrumb"},"inLanguage":"fr-FR","potentialAction":[{"@type":"ReadAction","target":["https:\/\/www.lhc-vacances.fr\/blog\/bienvenue\/studio-hyeres-port3-4p\/"]}]},{"@type":"ImageObject","inLanguage":"fr-FR","@id":"https:\/\/www.lhc-vacances.fr\/blog\/bienvenue\/studio-hyeres-port3-4p\/#primaryimage","url":"https:\/\/www.lhc-vacances.fr\/blog\/wp-content\/uploads\/2020\/09\/tn_plan.png","contentUrl":"https:\/\/www.lhc-vacances.fr\/blog\/wp-content\/uploads\/2020\/09\/tn_plan.png","width":336,"height":224},{"@type":"BreadcrumbList","@id":"https:\/\/www.lhc-vacances.fr\/blog\/bienvenue\/studio-hyeres-port3-4p\/#breadcrumb","itemListElement":[{"@type":"ListItem","position":1,"name":"Accueil","item":"https:\/\/www.lhc-vacances.fr\/blog\/"},{"@type":"ListItem","position":2,"name":"Locations","item":"https:\/\/www.lhc-vacances.fr\/blog\/bienvenue\/"},{"@type":"ListItem","position":3,"name":"Studio Hy\u00e8res-Port3 &#8211; 4p"}]},{"@type":"WebSite","@id":"https:\/\/www.lhc-vacances.fr\/blog\/#website","url":"https:\/\/www.lhc-vacances.fr\/blog\/","name":"Le Blog LHC - Plages, nature, sport et d\u00e9couverte","description":"www.lhc-vacances.fr","publisher":{"@id":"https:\/\/www.lhc-vacances.fr\/blog\/#organization"},"potentialAction":[{"@type":"SearchAction","target":{"@type":"EntryPoint","urlTemplate":"https:\/\/www.lhc-vacances.fr\/blog\/?s={search_term_string}"},"query-input":{"@type":"PropertyValueSpecification","valueRequired":true,"valueName":"search_term_string"}}],"inLanguage":"fr-FR"},{"@type":"Organization","@id":"https:\/\/www.lhc-vacances.fr\/blog\/#organization","name":"LHC Vacances","url":"https:\/\/www.lhc-vacances.fr\/blog\/","logo":{"@type":"ImageObject","inLanguage":"fr-FR","@id":"https:\/\/www.lhc-vacances.fr\/blog\/#\/schema\/logo\/image\/","url":"https:\/\/www.lhc-vacances.fr\/blog\/wp-content\/uploads\/2021\/08\/carte-visite.jpg","contentUrl":"https:\/\/www.lhc-vacances.fr\/blog\/wp-content\/uploads\/2021\/08\/carte-visite.jpg","width":722,"height":471,"caption":"LHC Vacances"},"image":{"@id":"https:\/\/www.lhc-vacances.fr\/blog\/#\/schema\/logo\/image\/"},"sameAs":["https:\/\/www.facebook.com\/lhcvacances\/"]}]}},"_links":{"self":[{"href":"https:\/\/www.lhc-vacances.fr\/blog\/wp-json\/wp\/v2\/pages\/1447","targetHints":{"allow":["GET"]}}],"collection":[{"href":"https:\/\/www.lhc-vacances.fr\/blog\/wp-json\/wp\/v2\/pages"}],"about":[{"href":"https:\/\/www.lhc-vacances.fr\/blog\/wp-json\/wp\/v2\/types\/page"}],"author":[{"embeddable":true,"href":"https:\/\/www.lhc-vacances.fr\/blog\/wp-json\/wp\/v2\/users\/1"}],"replies":[{"embeddable":true,"href":"https:\/\/www.lhc-vacances.fr\/blog\/wp-json\/wp\/v2\/comments?post=1447"}],"version-history":[{"count":2,"href":"https:\/\/www.lhc-vacances.fr\/blog\/wp-json\/wp\/v2\/pages\/1447\/revisions"}],"predecessor-version":[{"id":1465,"href":"https:\/\/www.lhc-vacances.fr\/blog\/wp-json\/wp\/v2\/pages\/1447\/revisions\/1465"}],"up":[{"embeddable":true,"href":"https:\/\/www.lhc-vacances.fr\/blog\/wp-json\/wp\/v2\/pages\/2"}],"wp:attachment":[{"href":"https:\/\/www.lhc-vacances.fr\/blog\/wp-json\/wp\/v2\/media?parent=1447"}],"curies":[{"name":"wp","href":"https:\/\/api.w.org\/{rel}","templated":true}]}}