{"id":169,"date":"2013-11-12T00:18:08","date_gmt":"2013-11-11T23:18:08","guid":{"rendered":"http:\/\/www.lhc-vacances.fr\/blog\/?page_id=169"},"modified":"2014-11-15T19:51:41","modified_gmt":"2014-11-15T18:51:41","slug":"liens-utiles","status":"publish","type":"page","link":"https:\/\/www.lhc-vacances.fr\/blog\/liens-utiles\/","title":{"rendered":"Liens utiles"},"content":{"rendered":"<p><span style=\"color: #666699;\"><strong>Organismes<\/strong><\/span><\/p>\n<table width=100% bgcolor=Beige>\n<tr>\n<td width=\"50%\">Ville de Hy\u00e8res<\/td>\n<td nowrap><a href=\"http:\/\/www.ville-hyeres.fr\/\" target=\"_blank\">http:\/\/www.ville-hyeres.fr\/<\/a><\/td>\n<\/tr>\n<tr>\n<td>Ville de Carqueiranne<\/td>\n<td nowrap><a href=\"http:\/\/www.carqueiranne.fr\/\" target=\"_blank\">http:\/\/www.carqueiranne.fr\/<\/a><\/td>\n<\/tr>\n<tr>\n<td>Conservatoire du littoral<\/td>\n<td nowrap><a href=\"http:\/\/www.conservatoire-du-littoral.fr\/\" target=\"_blank\">http:\/\/www.conservatoire-du-littoral.fr\/<\/a><\/td>\n<\/tr>\n<tr>\n<td>Conseil G\u00e9n\u00e9ral du Var<\/td>\n<td nowrap><a href=\"http:\/\/www.var.fr\/\" target=\"_blank\">http:\/\/www.var.fr\/<\/a><\/td>\n<\/tr>\n<\/table>\n<p><span style=\"color: #666699;\"><strong>Sport<\/strong><\/span><\/p>\n<table width=100% bgcolor=Beige>\n<tr>\n<td width=\"50%\">Piscine de Hy\u00e8res<\/td>\n<td nowrap><a href=\"http:\/\/www.ville-hyeres.fr\/complexe_aquatique.html\" target=\"_blank\">http:\/\/www.ville-hyeres.fr\/complexe_aquatique.html<\/a><\/td>\n<\/tr>\n<tr>\n<td>Location de kayak et bateau \u00e0 La Madrague<\/td>\n<td nowrap><a href=\"http:\/\/www.lapetiteflottille.com\/\" target=\"_blank\">http:\/\/www.lapetiteflottille.com\/<\/a><\/td>\n<\/tr>\n<tr>\n<td>Randonn\u00e9es dans le Var<\/td>\n<td nowrap><a href=\"http:\/\/jean.louis.negre.free.fr\/indeSudE.htm\" target=\"_blank\">http:\/\/jean.louis.negre.free.fr\/indeSudE.htm<\/a><\/td>\n<\/tr>\n<\/table>\n<p><span style=\"color: #666699;\"><strong>Autres sites<\/strong><\/span><\/p>\n<table width=100% bgcolor=Beige>\n<tr>\n<td width=\"50%\">M\u00e9t\u00e9o \u00e0 Hy\u00e8res<\/td>\n<td nowrap><a href=\"http:\/\/www.meteofrance.com\/previsions-meteo-france\/hyeres\/83400\" target=\"_blank\">http:\/\/www.meteofrance.com\/<\/a><\/td>\n<\/tr>\n<tr>\n<td>Histoire de l&rsquo;eau \u00e0 Hy\u00e8res<\/td>\n<td nowrap><a href=\"http:\/\/www.histoire-eau-hyeres.fr\/\" target=\"_blank\">http:\/\/www.histoire-eau-hyeres.fr\/<\/a><\/td>\n<\/tr>\n<\/table>\n","protected":false},"excerpt":{"rendered":"<div class=\"mh-excerpt\"><p>Organismes Ville de Hy\u00e8res http:\/\/www.ville-hyeres.fr\/ Ville de Carqueiranne http:\/\/www.carqueiranne.fr\/ Conservatoire du littoral http:\/\/www.conservatoire-du-littoral.fr\/ Conseil G\u00e9n\u00e9ral du Var http:\/\/www.var.fr\/ Sport Piscine de Hy\u00e8res http:\/\/www.ville-hyeres.fr\/complexe_aquatique.html Location de <a class=\"mh-excerpt-more\" href=\"https:\/\/www.lhc-vacances.fr\/blog\/liens-utiles\/\" title=\"Liens utiles\">[&#8230;]<\/a><\/p>\n<\/div>","protected":false},"author":1,"featured_media":0,"parent":0,"menu_order":2,"comment_status":"open","ping_status":"open","template":"","meta":{"footnotes":""},"class_list":["post-169","page","type-page","status-publish","hentry"],"yoast_head":"<!-- This site is optimized with the Yoast SEO plugin v25.0 - https:\/\/yoast.com\/wordpress\/plugins\/seo\/ -->\n<title>Liens utiles - Le Blog LHC - Plages, nature, sport et d\u00e9couverte<\/title>\n<meta name=\"robots\" content=\"index, follow, max-snippet:-1, max-image-preview:large, max-video-preview:-1\" \/>\n<link rel=\"canonical\" href=\"https:\/\/www.lhc-vacances.fr\/blog\/liens-utiles\/\" \/>\n<meta property=\"og:locale\" content=\"fr_FR\" \/>\n<meta property=\"og:type\" content=\"article\" \/>\n<meta property=\"og:title\" content=\"Liens utiles - Le Blog LHC - Plages, nature, sport et d\u00e9couverte\" \/>\n<meta property=\"og:description\" content=\"Organismes Ville de Hy\u00e8res http:\/\/www.ville-hyeres.fr\/ Ville de Carqueiranne http:\/\/www.carqueiranne.fr\/ Conservatoire du littoral http:\/\/www.conservatoire-du-littoral.fr\/ Conseil G\u00e9n\u00e9ral du Var http:\/\/www.var.fr\/ Sport Piscine de Hy\u00e8res http:\/\/www.ville-hyeres.fr\/complexe_aquatique.html Location de [...]\" \/>\n<meta property=\"og:url\" content=\"https:\/\/www.lhc-vacances.fr\/blog\/liens-utiles\/\" \/>\n<meta property=\"og:site_name\" content=\"Le Blog LHC - Plages, nature, sport et d\u00e9couverte\" \/>\n<meta property=\"article:publisher\" content=\"https:\/\/www.facebook.com\/lhcvacances\/\" \/>\n<meta property=\"article:modified_time\" content=\"2014-11-15T18:51:41+00:00\" \/>\n<meta name=\"twitter:card\" content=\"summary_large_image\" \/>\n<script type=\"application\/ld+json\" class=\"yoast-schema-graph\">{\"@context\":\"https:\/\/schema.org\",\"@graph\":[{\"@type\":\"WebPage\",\"@id\":\"https:\/\/www.lhc-vacances.fr\/blog\/liens-utiles\/\",\"url\":\"https:\/\/www.lhc-vacances.fr\/blog\/liens-utiles\/\",\"name\":\"Liens utiles - Le Blog LHC - Plages, nature, sport et d\u00e9couverte\",\"isPartOf\":{\"@id\":\"https:\/\/www.lhc-vacances.fr\/blog\/#website\"},\"datePublished\":\"2013-11-11T23:18:08+00:00\",\"dateModified\":\"2014-11-15T18:51:41+00:00\",\"breadcrumb\":{\"@id\":\"https:\/\/www.lhc-vacances.fr\/blog\/liens-utiles\/#breadcrumb\"},\"inLanguage\":\"fr-FR\",\"potentialAction\":[{\"@type\":\"ReadAction\",\"target\":[\"https:\/\/www.lhc-vacances.fr\/blog\/liens-utiles\/\"]}]},{\"@type\":\"BreadcrumbList\",\"@id\":\"https:\/\/www.lhc-vacances.fr\/blog\/liens-utiles\/#breadcrumb\",\"itemListElement\":[{\"@type\":\"ListItem\",\"position\":1,\"name\":\"Accueil\",\"item\":\"https:\/\/www.lhc-vacances.fr\/blog\/\"},{\"@type\":\"ListItem\",\"position\":2,\"name\":\"Liens utiles\"}]},{\"@type\":\"WebSite\",\"@id\":\"https:\/\/www.lhc-vacances.fr\/blog\/#website\",\"url\":\"https:\/\/www.lhc-vacances.fr\/blog\/\",\"name\":\"Le Blog LHC - Plages, nature, sport et d\u00e9couverte\",\"description\":\"www.lhc-vacances.fr\",\"publisher\":{\"@id\":\"https:\/\/www.lhc-vacances.fr\/blog\/#organization\"},\"potentialAction\":[{\"@type\":\"SearchAction\",\"target\":{\"@type\":\"EntryPoint\",\"urlTemplate\":\"https:\/\/www.lhc-vacances.fr\/blog\/?s={search_term_string}\"},\"query-input\":{\"@type\":\"PropertyValueSpecification\",\"valueRequired\":true,\"valueName\":\"search_term_string\"}}],\"inLanguage\":\"fr-FR\"},{\"@type\":\"Organization\",\"@id\":\"https:\/\/www.lhc-vacances.fr\/blog\/#organization\",\"name\":\"LHC Vacances\",\"url\":\"https:\/\/www.lhc-vacances.fr\/blog\/\",\"logo\":{\"@type\":\"ImageObject\",\"inLanguage\":\"fr-FR\",\"@id\":\"https:\/\/www.lhc-vacances.fr\/blog\/#\/schema\/logo\/image\/\",\"url\":\"https:\/\/www.lhc-vacances.fr\/blog\/wp-content\/uploads\/2021\/08\/carte-visite.jpg\",\"contentUrl\":\"https:\/\/www.lhc-vacances.fr\/blog\/wp-content\/uploads\/2021\/08\/carte-visite.jpg\",\"width\":722,\"height\":471,\"caption\":\"LHC Vacances\"},\"image\":{\"@id\":\"https:\/\/www.lhc-vacances.fr\/blog\/#\/schema\/logo\/image\/\"},\"sameAs\":[\"https:\/\/www.facebook.com\/lhcvacances\/\"]}]}<\/script>\n<!-- \/ Yoast SEO plugin. -->","yoast_head_json":{"title":"Liens utiles - Le Blog LHC - Plages, nature, sport et d\u00e9couverte","robots":{"index":"index","follow":"follow","max-snippet":"max-snippet:-1","max-image-preview":"max-image-preview:large","max-video-preview":"max-video-preview:-1"},"canonical":"https:\/\/www.lhc-vacances.fr\/blog\/liens-utiles\/","og_locale":"fr_FR","og_type":"article","og_title":"Liens utiles - Le Blog LHC - Plages, nature, sport et d\u00e9couverte","og_description":"Organismes Ville de Hy\u00e8res http:\/\/www.ville-hyeres.fr\/ Ville de Carqueiranne http:\/\/www.carqueiranne.fr\/ Conservatoire du littoral http:\/\/www.conservatoire-du-littoral.fr\/ Conseil G\u00e9n\u00e9ral du Var http:\/\/www.var.fr\/ Sport Piscine de Hy\u00e8res http:\/\/www.ville-hyeres.fr\/complexe_aquatique.html Location de [...]","og_url":"https:\/\/www.lhc-vacances.fr\/blog\/liens-utiles\/","og_site_name":"Le Blog LHC - Plages, nature, sport et d\u00e9couverte","article_publisher":"https:\/\/www.facebook.com\/lhcvacances\/","article_modified_time":"2014-11-15T18:51:41+00:00","twitter_card":"summary_large_image","schema":{"@context":"https:\/\/schema.org","@graph":[{"@type":"WebPage","@id":"https:\/\/www.lhc-vacances.fr\/blog\/liens-utiles\/","url":"https:\/\/www.lhc-vacances.fr\/blog\/liens-utiles\/","name":"Liens utiles - Le Blog LHC - Plages, nature, sport et d\u00e9couverte","isPartOf":{"@id":"https:\/\/www.lhc-vacances.fr\/blog\/#website"},"datePublished":"2013-11-11T23:18:08+00:00","dateModified":"2014-11-15T18:51:41+00:00","breadcrumb":{"@id":"https:\/\/www.lhc-vacances.fr\/blog\/liens-utiles\/#breadcrumb"},"inLanguage":"fr-FR","potentialAction":[{"@type":"ReadAction","target":["https:\/\/www.lhc-vacances.fr\/blog\/liens-utiles\/"]}]},{"@type":"BreadcrumbList","@id":"https:\/\/www.lhc-vacances.fr\/blog\/liens-utiles\/#breadcrumb","itemListElement":[{"@type":"ListItem","position":1,"name":"Accueil","item":"https:\/\/www.lhc-vacances.fr\/blog\/"},{"@type":"ListItem","position":2,"name":"Liens utiles"}]},{"@type":"WebSite","@id":"https:\/\/www.lhc-vacances.fr\/blog\/#website","url":"https:\/\/www.lhc-vacances.fr\/blog\/","name":"Le Blog LHC - Plages, nature, sport et d\u00e9couverte","description":"www.lhc-vacances.fr","publisher":{"@id":"https:\/\/www.lhc-vacances.fr\/blog\/#organization"},"potentialAction":[{"@type":"SearchAction","target":{"@type":"EntryPoint","urlTemplate":"https:\/\/www.lhc-vacances.fr\/blog\/?s={search_term_string}"},"query-input":{"@type":"PropertyValueSpecification","valueRequired":true,"valueName":"search_term_string"}}],"inLanguage":"fr-FR"},{"@type":"Organization","@id":"https:\/\/www.lhc-vacances.fr\/blog\/#organization","name":"LHC Vacances","url":"https:\/\/www.lhc-vacances.fr\/blog\/","logo":{"@type":"ImageObject","inLanguage":"fr-FR","@id":"https:\/\/www.lhc-vacances.fr\/blog\/#\/schema\/logo\/image\/","url":"https:\/\/www.lhc-vacances.fr\/blog\/wp-content\/uploads\/2021\/08\/carte-visite.jpg","contentUrl":"https:\/\/www.lhc-vacances.fr\/blog\/wp-content\/uploads\/2021\/08\/carte-visite.jpg","width":722,"height":471,"caption":"LHC Vacances"},"image":{"@id":"https:\/\/www.lhc-vacances.fr\/blog\/#\/schema\/logo\/image\/"},"sameAs":["https:\/\/www.facebook.com\/lhcvacances\/"]}]}},"_links":{"self":[{"href":"https:\/\/www.lhc-vacances.fr\/blog\/wp-json\/wp\/v2\/pages\/169","targetHints":{"allow":["GET"]}}],"collection":[{"href":"https:\/\/www.lhc-vacances.fr\/blog\/wp-json\/wp\/v2\/pages"}],"about":[{"href":"https:\/\/www.lhc-vacances.fr\/blog\/wp-json\/wp\/v2\/types\/page"}],"author":[{"embeddable":true,"href":"https:\/\/www.lhc-vacances.fr\/blog\/wp-json\/wp\/v2\/users\/1"}],"replies":[{"embeddable":true,"href":"https:\/\/www.lhc-vacances.fr\/blog\/wp-json\/wp\/v2\/comments?post=169"}],"version-history":[{"count":22,"href":"https:\/\/www.lhc-vacances.fr\/blog\/wp-json\/wp\/v2\/pages\/169\/revisions"}],"predecessor-version":[{"id":825,"href":"https:\/\/www.lhc-vacances.fr\/blog\/wp-json\/wp\/v2\/pages\/169\/revisions\/825"}],"wp:attachment":[{"href":"https:\/\/www.lhc-vacances.fr\/blog\/wp-json\/wp\/v2\/media?parent=169"}],"curies":[{"name":"wp","href":"https:\/\/api.w.org\/{rel}","templated":true}]}}