{"id":406,"date":"2013-11-27T23:47:07","date_gmt":"2013-11-27T22:47:07","guid":{"rendered":"http:\/\/www.lhc-vacances.fr\/blog\/?page_id=406"},"modified":"2019-06-21T05:49:14","modified_gmt":"2019-06-21T04:49:14","slug":"location-hyeres-plage","status":"publish","type":"page","link":"https:\/\/www.lhc-vacances.fr\/blog\/bienvenue\/location-hyeres-plage\/","title":{"rendered":"T1 Hy\u00e8res-Plage &#8211; 4p"},"content":{"rendered":"<p>Entre l&rsquo;hippodrome et une belle plage de sable, cet appartement climatis\u00e9 id\u00e9al pour 2 personnes, a \u00e9t\u00e9 r\u00e9-agenc\u00e9 pour pouvoir accueillir <strong>4 personnes<\/strong>.<br \/>\n<a href=\"http:\/\/www.lhc-vacances.fr\/blog\/wp-content\/uploads\/2014\/12\/plan1.png\"><img loading=\"lazy\" decoding=\"async\" class=\"size-full wp-image-506\" src=\"http:\/\/www.lhc-vacances.fr\/blog\/wp-content\/uploads\/2014\/12\/plan1.png\" alt=\"Am\u00e9nagement pour 4 personnes\" width=\"300\" height=\"225\" align=\"right\" \/><\/a><\/p>\n<ul>\n<li>vue hippodrome et mer,<\/li>\n<li>le port \u00e0 5 minutes \u00e0 pied,<\/li>\n<li>plage de sable juste en bas de la r\u00e9sidence,<\/li>\n<li>climatisation, box internet et ordinateur portable <img decoding=\"async\" src=\"http:\/\/www.lhc-vacances.fr\/images\/icone_nouveau.png\" \/><\/li>\n<li>parking privatif, ascenseur (2eme \u00e9tage),<\/li>\n<\/ul>\n<p>Tout pour de bonnes vacances en <b>en couple ou en famille<\/b> !<br \/>\nPlus d\u2019informations, photos et tarifs : <a title=\"Studio \u00e0 20 m de la mer\" href=\"http:\/\/www.lhc-vacances.fr\/hyeres-plage.php\" target=\"_blank\" rel=\"noopener noreferrer\">www.lhc-vacances.fr<\/a><\/p>\n<div id='gallery-1' class='gallery galleryid-406 gallery-columns-3 gallery-size-thumbnail'><figure class='gallery-item'>\n\t\t\t<div class='gallery-icon landscape'>\n\t\t\t\t<a href='https:\/\/www.lhc-vacances.fr\/blog\/wp-content\/uploads\/2019\/06\/01_plage-e1560148505241.jpg'><img loading=\"lazy\" decoding=\"async\" width=\"160\" height=\"120\" src=\"https:\/\/www.lhc-vacances.fr\/blog\/wp-content\/uploads\/2019\/06\/01_plage-160x120.jpg\" class=\"attachment-thumbnail size-thumbnail\" alt=\"\" aria-describedby=\"gallery-1-1270\" srcset=\"https:\/\/www.lhc-vacances.fr\/blog\/wp-content\/uploads\/2019\/06\/01_plage-160x120.jpg 160w, https:\/\/www.lhc-vacances.fr\/blog\/wp-content\/uploads\/2019\/06\/01_plage-400x300.jpg 400w, https:\/\/www.lhc-vacances.fr\/blog\/wp-content\/uploads\/2019\/06\/01_plage-640x480.jpg 640w\" sizes=\"auto, (max-width: 160px) 100vw, 160px\" \/><\/a>\n\t\t\t<\/div>\n\t\t\t\t<figcaption class='wp-caption-text gallery-caption' id='gallery-1-1270'>\n\t\t\t\tPlage en bas de la r\u00e9sidence\n\t\t\t\t<\/figcaption><\/figure><figure class='gallery-item'>\n\t\t\t<div class='gallery-icon landscape'>\n\t\t\t\t<a href='https:\/\/www.lhc-vacances.fr\/blog\/wp-content\/uploads\/2019\/06\/02_vue_hippodrome-e1560148533528.jpg'><img loading=\"lazy\" decoding=\"async\" width=\"160\" height=\"120\" src=\"https:\/\/www.lhc-vacances.fr\/blog\/wp-content\/uploads\/2019\/06\/02_vue_hippodrome-160x120.jpg\" class=\"attachment-thumbnail size-thumbnail\" alt=\"\" aria-describedby=\"gallery-1-1271\" srcset=\"https:\/\/www.lhc-vacances.fr\/blog\/wp-content\/uploads\/2019\/06\/02_vue_hippodrome-160x120.jpg 160w, https:\/\/www.lhc-vacances.fr\/blog\/wp-content\/uploads\/2019\/06\/02_vue_hippodrome-400x300.jpg 400w, https:\/\/www.lhc-vacances.fr\/blog\/wp-content\/uploads\/2019\/06\/02_vue_hippodrome-640x480.jpg 640w\" sizes=\"auto, (max-width: 160px) 100vw, 160px\" \/><\/a>\n\t\t\t<\/div>\n\t\t\t\t<figcaption class='wp-caption-text gallery-caption' id='gallery-1-1271'>\n\t\t\t\tVue hippodrome\n\t\t\t\t<\/figcaption><\/figure><figure class='gallery-item'>\n\t\t\t<div class='gallery-icon landscape'>\n\t\t\t\t<a href='https:\/\/www.lhc-vacances.fr\/blog\/wp-content\/uploads\/2019\/06\/03_terrasse-1-e1560148551236.jpg'><img loading=\"lazy\" decoding=\"async\" width=\"160\" height=\"120\" src=\"https:\/\/www.lhc-vacances.fr\/blog\/wp-content\/uploads\/2019\/06\/03_terrasse-1-160x120.jpg\" class=\"attachment-thumbnail size-thumbnail\" alt=\"\" aria-describedby=\"gallery-1-1272\" srcset=\"https:\/\/www.lhc-vacances.fr\/blog\/wp-content\/uploads\/2019\/06\/03_terrasse-1-160x120.jpg 160w, https:\/\/www.lhc-vacances.fr\/blog\/wp-content\/uploads\/2019\/06\/03_terrasse-1-400x300.jpg 400w, https:\/\/www.lhc-vacances.fr\/blog\/wp-content\/uploads\/2019\/06\/03_terrasse-1-640x480.jpg 640w\" sizes=\"auto, (max-width: 160px) 100vw, 160px\" \/><\/a>\n\t\t\t<\/div>\n\t\t\t\t<figcaption class='wp-caption-text gallery-caption' id='gallery-1-1272'>\n\t\t\t\tParking privatif en bas\n\t\t\t\t<\/figcaption><\/figure><figure class='gallery-item'>\n\t\t\t<div class='gallery-icon landscape'>\n\t\t\t\t<a href='https:\/\/www.lhc-vacances.fr\/blog\/wp-content\/uploads\/2019\/06\/06_piece-e1560148559426.jpg'><img loading=\"lazy\" decoding=\"async\" width=\"160\" height=\"120\" src=\"https:\/\/www.lhc-vacances.fr\/blog\/wp-content\/uploads\/2019\/06\/06_piece-160x120.jpg\" class=\"attachment-thumbnail size-thumbnail\" alt=\"\" aria-describedby=\"gallery-1-1273\" srcset=\"https:\/\/www.lhc-vacances.fr\/blog\/wp-content\/uploads\/2019\/06\/06_piece-160x120.jpg 160w, https:\/\/www.lhc-vacances.fr\/blog\/wp-content\/uploads\/2019\/06\/06_piece-400x300.jpg 400w, https:\/\/www.lhc-vacances.fr\/blog\/wp-content\/uploads\/2019\/06\/06_piece-640x480.jpg 640w\" sizes=\"auto, (max-width: 160px) 100vw, 160px\" \/><\/a>\n\t\t\t<\/div>\n\t\t\t\t<figcaption class='wp-caption-text gallery-caption' id='gallery-1-1273'>\n\t\t\t\tDeux canap\u00e9s convertibles de qualit\u00e9\n\t\t\t\t<\/figcaption><\/figure><figure class='gallery-item'>\n\t\t\t<div class='gallery-icon landscape'>\n\t\t\t\t<a href='https:\/\/www.lhc-vacances.fr\/blog\/wp-content\/uploads\/2019\/06\/07_piece-e1560148568770.jpg'><img loading=\"lazy\" decoding=\"async\" width=\"160\" height=\"120\" src=\"https:\/\/www.lhc-vacances.fr\/blog\/wp-content\/uploads\/2019\/06\/07_piece-160x120.jpg\" class=\"attachment-thumbnail size-thumbnail\" alt=\"\" aria-describedby=\"gallery-1-1274\" srcset=\"https:\/\/www.lhc-vacances.fr\/blog\/wp-content\/uploads\/2019\/06\/07_piece-160x120.jpg 160w, https:\/\/www.lhc-vacances.fr\/blog\/wp-content\/uploads\/2019\/06\/07_piece-400x300.jpg 400w, https:\/\/www.lhc-vacances.fr\/blog\/wp-content\/uploads\/2019\/06\/07_piece-640x480.jpg 640w\" sizes=\"auto, (max-width: 160px) 100vw, 160px\" \/><\/a>\n\t\t\t<\/div>\n\t\t\t\t<figcaption class='wp-caption-text gallery-caption' id='gallery-1-1274'>\n\t\t\t\tTable repliable\n\t\t\t\t<\/figcaption><\/figure><figure class='gallery-item'>\n\t\t\t<div class='gallery-icon landscape'>\n\t\t\t\t<a href='https:\/\/www.lhc-vacances.fr\/blog\/wp-content\/uploads\/2019\/06\/08_cuisine-1-e1560148576582.jpg'><img loading=\"lazy\" decoding=\"async\" width=\"160\" height=\"120\" src=\"https:\/\/www.lhc-vacances.fr\/blog\/wp-content\/uploads\/2019\/06\/08_cuisine-1-160x120.jpg\" class=\"attachment-thumbnail size-thumbnail\" alt=\"\" aria-describedby=\"gallery-1-1275\" srcset=\"https:\/\/www.lhc-vacances.fr\/blog\/wp-content\/uploads\/2019\/06\/08_cuisine-1-160x120.jpg 160w, https:\/\/www.lhc-vacances.fr\/blog\/wp-content\/uploads\/2019\/06\/08_cuisine-1-400x300.jpg 400w, https:\/\/www.lhc-vacances.fr\/blog\/wp-content\/uploads\/2019\/06\/08_cuisine-1-640x480.jpg 640w\" sizes=\"auto, (max-width: 160px) 100vw, 160px\" \/><\/a>\n\t\t\t<\/div>\n\t\t\t\t<figcaption class='wp-caption-text gallery-caption' id='gallery-1-1275'>\n\t\t\t\tCuisine\n\t\t\t\t<\/figcaption><\/figure><figure class='gallery-item'>\n\t\t\t<div class='gallery-icon landscape'>\n\t\t\t\t<a href='https:\/\/www.lhc-vacances.fr\/blog\/wp-content\/uploads\/2019\/06\/09_sdb-e1560148584181.jpg'><img loading=\"lazy\" decoding=\"async\" width=\"160\" height=\"120\" src=\"https:\/\/www.lhc-vacances.fr\/blog\/wp-content\/uploads\/2019\/06\/09_sdb-160x120.jpg\" class=\"attachment-thumbnail size-thumbnail\" alt=\"\" aria-describedby=\"gallery-1-1276\" srcset=\"https:\/\/www.lhc-vacances.fr\/blog\/wp-content\/uploads\/2019\/06\/09_sdb-160x120.jpg 160w, https:\/\/www.lhc-vacances.fr\/blog\/wp-content\/uploads\/2019\/06\/09_sdb-400x300.jpg 400w, https:\/\/www.lhc-vacances.fr\/blog\/wp-content\/uploads\/2019\/06\/09_sdb-640x480.jpg 640w\" sizes=\"auto, (max-width: 160px) 100vw, 160px\" \/><\/a>\n\t\t\t<\/div>\n\t\t\t\t<figcaption class='wp-caption-text gallery-caption' id='gallery-1-1276'>\n\t\t\t\tSalle de bain\n\t\t\t\t<\/figcaption><\/figure><figure class='gallery-item'>\n\t\t\t<div class='gallery-icon landscape'>\n\t\t\t\t<a href='https:\/\/www.lhc-vacances.fr\/blog\/wp-content\/uploads\/2019\/06\/10_vue_mer-e1560148592729.jpg'><img loading=\"lazy\" decoding=\"async\" width=\"160\" height=\"120\" src=\"https:\/\/www.lhc-vacances.fr\/blog\/wp-content\/uploads\/2019\/06\/10_vue_mer-160x120.jpg\" class=\"attachment-thumbnail size-thumbnail\" alt=\"\" aria-describedby=\"gallery-1-1277\" srcset=\"https:\/\/www.lhc-vacances.fr\/blog\/wp-content\/uploads\/2019\/06\/10_vue_mer-160x120.jpg 160w, https:\/\/www.lhc-vacances.fr\/blog\/wp-content\/uploads\/2019\/06\/10_vue_mer-400x300.jpg 400w, https:\/\/www.lhc-vacances.fr\/blog\/wp-content\/uploads\/2019\/06\/10_vue_mer-640x480.jpg 640w\" sizes=\"auto, (max-width: 160px) 100vw, 160px\" \/><\/a>\n\t\t\t<\/div>\n\t\t\t\t<figcaption class='wp-caption-text gallery-caption' id='gallery-1-1277'>\n\t\t\t\tVue mer\n\t\t\t\t<\/figcaption><\/figure>\n\t\t<\/div>\n\n","protected":false},"excerpt":{"rendered":"<div class=\"mh-excerpt\"><p>Entre l&rsquo;hippodrome et une belle plage de sable, cet appartement climatis\u00e9 id\u00e9al pour 2 personnes, a \u00e9t\u00e9 r\u00e9-agenc\u00e9 pour pouvoir accueillir 4 personnes. vue hippodrome <a class=\"mh-excerpt-more\" href=\"https:\/\/www.lhc-vacances.fr\/blog\/bienvenue\/location-hyeres-plage\/\" title=\"T1 Hy\u00e8res-Plage &#8211; 4p\">[&#8230;]<\/a><\/p>\n<\/div>","protected":false},"author":1,"featured_media":0,"parent":2,"menu_order":2,"comment_status":"open","ping_status":"open","template":"","meta":{"footnotes":""},"class_list":["post-406","page","type-page","status-publish","hentry"],"yoast_head":"<!-- This site is optimized with the Yoast SEO plugin v25.0 - https:\/\/yoast.com\/wordpress\/plugins\/seo\/ -->\n<title>T1 Hy\u00e8res-Plage - 4p - Le Blog LHC - Plages, nature, sport et d\u00e9couverte<\/title>\n<meta name=\"robots\" content=\"index, follow, max-snippet:-1, max-image-preview:large, max-video-preview:-1\" \/>\n<link rel=\"canonical\" href=\"https:\/\/www.lhc-vacances.fr\/blog\/bienvenue\/location-hyeres-plage\/\" \/>\n<meta property=\"og:locale\" content=\"fr_FR\" \/>\n<meta property=\"og:type\" content=\"article\" \/>\n<meta property=\"og:title\" content=\"T1 Hy\u00e8res-Plage - 4p - Le Blog LHC - Plages, nature, sport et d\u00e9couverte\" \/>\n<meta property=\"og:description\" content=\"Entre l&rsquo;hippodrome et une belle plage de sable, cet appartement climatis\u00e9 id\u00e9al pour 2 personnes, a \u00e9t\u00e9 r\u00e9-agenc\u00e9 pour pouvoir accueillir 4 personnes. vue hippodrome [...]\" \/>\n<meta property=\"og:url\" content=\"https:\/\/www.lhc-vacances.fr\/blog\/bienvenue\/location-hyeres-plage\/\" \/>\n<meta property=\"og:site_name\" content=\"Le Blog LHC - Plages, nature, sport et d\u00e9couverte\" \/>\n<meta property=\"article:publisher\" content=\"https:\/\/www.facebook.com\/lhcvacances\/\" \/>\n<meta property=\"article:modified_time\" content=\"2019-06-21T04:49:14+00:00\" \/>\n<meta property=\"og:image\" content=\"https:\/\/www.lhc-vacances.fr\/blog\/wp-content\/uploads\/2019\/06\/01_plage-160x120.jpg\" \/>\n<meta name=\"twitter:card\" content=\"summary_large_image\" \/>\n<script type=\"application\/ld+json\" class=\"yoast-schema-graph\">{\"@context\":\"https:\/\/schema.org\",\"@graph\":[{\"@type\":\"WebPage\",\"@id\":\"https:\/\/www.lhc-vacances.fr\/blog\/bienvenue\/location-hyeres-plage\/\",\"url\":\"https:\/\/www.lhc-vacances.fr\/blog\/bienvenue\/location-hyeres-plage\/\",\"name\":\"T1 Hy\u00e8res-Plage - 4p - Le Blog LHC - Plages, nature, sport et d\u00e9couverte\",\"isPartOf\":{\"@id\":\"https:\/\/www.lhc-vacances.fr\/blog\/#website\"},\"primaryImageOfPage\":{\"@id\":\"https:\/\/www.lhc-vacances.fr\/blog\/bienvenue\/location-hyeres-plage\/#primaryimage\"},\"image\":{\"@id\":\"https:\/\/www.lhc-vacances.fr\/blog\/bienvenue\/location-hyeres-plage\/#primaryimage\"},\"thumbnailUrl\":\"http:\/\/www.lhc-vacances.fr\/blog\/wp-content\/uploads\/2014\/12\/plan1.png\",\"datePublished\":\"2013-11-27T22:47:07+00:00\",\"dateModified\":\"2019-06-21T04:49:14+00:00\",\"breadcrumb\":{\"@id\":\"https:\/\/www.lhc-vacances.fr\/blog\/bienvenue\/location-hyeres-plage\/#breadcrumb\"},\"inLanguage\":\"fr-FR\",\"potentialAction\":[{\"@type\":\"ReadAction\",\"target\":[\"https:\/\/www.lhc-vacances.fr\/blog\/bienvenue\/location-hyeres-plage\/\"]}]},{\"@type\":\"ImageObject\",\"inLanguage\":\"fr-FR\",\"@id\":\"https:\/\/www.lhc-vacances.fr\/blog\/bienvenue\/location-hyeres-plage\/#primaryimage\",\"url\":\"https:\/\/www.lhc-vacances.fr\/blog\/wp-content\/uploads\/2014\/12\/plan1.png\",\"contentUrl\":\"https:\/\/www.lhc-vacances.fr\/blog\/wp-content\/uploads\/2014\/12\/plan1.png\",\"width\":700,\"height\":480},{\"@type\":\"BreadcrumbList\",\"@id\":\"https:\/\/www.lhc-vacances.fr\/blog\/bienvenue\/location-hyeres-plage\/#breadcrumb\",\"itemListElement\":[{\"@type\":\"ListItem\",\"position\":1,\"name\":\"Accueil\",\"item\":\"https:\/\/www.lhc-vacances.fr\/blog\/\"},{\"@type\":\"ListItem\",\"position\":2,\"name\":\"Locations\",\"item\":\"https:\/\/www.lhc-vacances.fr\/blog\/bienvenue\/\"},{\"@type\":\"ListItem\",\"position\":3,\"name\":\"T1 Hy\u00e8res-Plage &#8211; 4p\"}]},{\"@type\":\"WebSite\",\"@id\":\"https:\/\/www.lhc-vacances.fr\/blog\/#website\",\"url\":\"https:\/\/www.lhc-vacances.fr\/blog\/\",\"name\":\"Le Blog LHC - Plages, nature, sport et d\u00e9couverte\",\"description\":\"www.lhc-vacances.fr\",\"publisher\":{\"@id\":\"https:\/\/www.lhc-vacances.fr\/blog\/#organization\"},\"potentialAction\":[{\"@type\":\"SearchAction\",\"target\":{\"@type\":\"EntryPoint\",\"urlTemplate\":\"https:\/\/www.lhc-vacances.fr\/blog\/?s={search_term_string}\"},\"query-input\":{\"@type\":\"PropertyValueSpecification\",\"valueRequired\":true,\"valueName\":\"search_term_string\"}}],\"inLanguage\":\"fr-FR\"},{\"@type\":\"Organization\",\"@id\":\"https:\/\/www.lhc-vacances.fr\/blog\/#organization\",\"name\":\"LHC Vacances\",\"url\":\"https:\/\/www.lhc-vacances.fr\/blog\/\",\"logo\":{\"@type\":\"ImageObject\",\"inLanguage\":\"fr-FR\",\"@id\":\"https:\/\/www.lhc-vacances.fr\/blog\/#\/schema\/logo\/image\/\",\"url\":\"https:\/\/www.lhc-vacances.fr\/blog\/wp-content\/uploads\/2021\/08\/carte-visite.jpg\",\"contentUrl\":\"https:\/\/www.lhc-vacances.fr\/blog\/wp-content\/uploads\/2021\/08\/carte-visite.jpg\",\"width\":722,\"height\":471,\"caption\":\"LHC Vacances\"},\"image\":{\"@id\":\"https:\/\/www.lhc-vacances.fr\/blog\/#\/schema\/logo\/image\/\"},\"sameAs\":[\"https:\/\/www.facebook.com\/lhcvacances\/\"]}]}<\/script>\n<!-- \/ Yoast SEO plugin. -->","yoast_head_json":{"title":"T1 Hy\u00e8res-Plage - 4p - Le Blog LHC - Plages, nature, sport et d\u00e9couverte","robots":{"index":"index","follow":"follow","max-snippet":"max-snippet:-1","max-image-preview":"max-image-preview:large","max-video-preview":"max-video-preview:-1"},"canonical":"https:\/\/www.lhc-vacances.fr\/blog\/bienvenue\/location-hyeres-plage\/","og_locale":"fr_FR","og_type":"article","og_title":"T1 Hy\u00e8res-Plage - 4p - Le Blog LHC - Plages, nature, sport et d\u00e9couverte","og_description":"Entre l&rsquo;hippodrome et une belle plage de sable, cet appartement climatis\u00e9 id\u00e9al pour 2 personnes, a \u00e9t\u00e9 r\u00e9-agenc\u00e9 pour pouvoir accueillir 4 personnes. vue hippodrome [...]","og_url":"https:\/\/www.lhc-vacances.fr\/blog\/bienvenue\/location-hyeres-plage\/","og_site_name":"Le Blog LHC - Plages, nature, sport et d\u00e9couverte","article_publisher":"https:\/\/www.facebook.com\/lhcvacances\/","article_modified_time":"2019-06-21T04:49:14+00:00","og_image":[{"url":"https:\/\/www.lhc-vacances.fr\/blog\/wp-content\/uploads\/2019\/06\/01_plage-160x120.jpg","type":"","width":"","height":""}],"twitter_card":"summary_large_image","schema":{"@context":"https:\/\/schema.org","@graph":[{"@type":"WebPage","@id":"https:\/\/www.lhc-vacances.fr\/blog\/bienvenue\/location-hyeres-plage\/","url":"https:\/\/www.lhc-vacances.fr\/blog\/bienvenue\/location-hyeres-plage\/","name":"T1 Hy\u00e8res-Plage - 4p - Le Blog LHC - Plages, nature, sport et d\u00e9couverte","isPartOf":{"@id":"https:\/\/www.lhc-vacances.fr\/blog\/#website"},"primaryImageOfPage":{"@id":"https:\/\/www.lhc-vacances.fr\/blog\/bienvenue\/location-hyeres-plage\/#primaryimage"},"image":{"@id":"https:\/\/www.lhc-vacances.fr\/blog\/bienvenue\/location-hyeres-plage\/#primaryimage"},"thumbnailUrl":"http:\/\/www.lhc-vacances.fr\/blog\/wp-content\/uploads\/2014\/12\/plan1.png","datePublished":"2013-11-27T22:47:07+00:00","dateModified":"2019-06-21T04:49:14+00:00","breadcrumb":{"@id":"https:\/\/www.lhc-vacances.fr\/blog\/bienvenue\/location-hyeres-plage\/#breadcrumb"},"inLanguage":"fr-FR","potentialAction":[{"@type":"ReadAction","target":["https:\/\/www.lhc-vacances.fr\/blog\/bienvenue\/location-hyeres-plage\/"]}]},{"@type":"ImageObject","inLanguage":"fr-FR","@id":"https:\/\/www.lhc-vacances.fr\/blog\/bienvenue\/location-hyeres-plage\/#primaryimage","url":"https:\/\/www.lhc-vacances.fr\/blog\/wp-content\/uploads\/2014\/12\/plan1.png","contentUrl":"https:\/\/www.lhc-vacances.fr\/blog\/wp-content\/uploads\/2014\/12\/plan1.png","width":700,"height":480},{"@type":"BreadcrumbList","@id":"https:\/\/www.lhc-vacances.fr\/blog\/bienvenue\/location-hyeres-plage\/#breadcrumb","itemListElement":[{"@type":"ListItem","position":1,"name":"Accueil","item":"https:\/\/www.lhc-vacances.fr\/blog\/"},{"@type":"ListItem","position":2,"name":"Locations","item":"https:\/\/www.lhc-vacances.fr\/blog\/bienvenue\/"},{"@type":"ListItem","position":3,"name":"T1 Hy\u00e8res-Plage &#8211; 4p"}]},{"@type":"WebSite","@id":"https:\/\/www.lhc-vacances.fr\/blog\/#website","url":"https:\/\/www.lhc-vacances.fr\/blog\/","name":"Le Blog LHC - Plages, nature, sport et d\u00e9couverte","description":"www.lhc-vacances.fr","publisher":{"@id":"https:\/\/www.lhc-vacances.fr\/blog\/#organization"},"potentialAction":[{"@type":"SearchAction","target":{"@type":"EntryPoint","urlTemplate":"https:\/\/www.lhc-vacances.fr\/blog\/?s={search_term_string}"},"query-input":{"@type":"PropertyValueSpecification","valueRequired":true,"valueName":"search_term_string"}}],"inLanguage":"fr-FR"},{"@type":"Organization","@id":"https:\/\/www.lhc-vacances.fr\/blog\/#organization","name":"LHC Vacances","url":"https:\/\/www.lhc-vacances.fr\/blog\/","logo":{"@type":"ImageObject","inLanguage":"fr-FR","@id":"https:\/\/www.lhc-vacances.fr\/blog\/#\/schema\/logo\/image\/","url":"https:\/\/www.lhc-vacances.fr\/blog\/wp-content\/uploads\/2021\/08\/carte-visite.jpg","contentUrl":"https:\/\/www.lhc-vacances.fr\/blog\/wp-content\/uploads\/2021\/08\/carte-visite.jpg","width":722,"height":471,"caption":"LHC Vacances"},"image":{"@id":"https:\/\/www.lhc-vacances.fr\/blog\/#\/schema\/logo\/image\/"},"sameAs":["https:\/\/www.facebook.com\/lhcvacances\/"]}]}},"_links":{"self":[{"href":"https:\/\/www.lhc-vacances.fr\/blog\/wp-json\/wp\/v2\/pages\/406","targetHints":{"allow":["GET"]}}],"collection":[{"href":"https:\/\/www.lhc-vacances.fr\/blog\/wp-json\/wp\/v2\/pages"}],"about":[{"href":"https:\/\/www.lhc-vacances.fr\/blog\/wp-json\/wp\/v2\/types\/page"}],"author":[{"embeddable":true,"href":"https:\/\/www.lhc-vacances.fr\/blog\/wp-json\/wp\/v2\/users\/1"}],"replies":[{"embeddable":true,"href":"https:\/\/www.lhc-vacances.fr\/blog\/wp-json\/wp\/v2\/comments?post=406"}],"version-history":[{"count":39,"href":"https:\/\/www.lhc-vacances.fr\/blog\/wp-json\/wp\/v2\/pages\/406\/revisions"}],"predecessor-version":[{"id":1392,"href":"https:\/\/www.lhc-vacances.fr\/blog\/wp-json\/wp\/v2\/pages\/406\/revisions\/1392"}],"up":[{"embeddable":true,"href":"https:\/\/www.lhc-vacances.fr\/blog\/wp-json\/wp\/v2\/pages\/2"}],"wp:attachment":[{"href":"https:\/\/www.lhc-vacances.fr\/blog\/wp-json\/wp\/v2\/media?parent=406"}],"curies":[{"name":"wp","href":"https:\/\/api.w.org\/{rel}","templated":true}]}}