{"id":413,"date":"2013-11-27T23:53:09","date_gmt":"2013-11-27T22:53:09","guid":{"rendered":"http:\/\/www.lhc-vacances.fr\/blog\/?page_id=413"},"modified":"2023-06-14T14:45:03","modified_gmt":"2023-06-14T13:45:03","slug":"hyeres-salins","status":"publish","type":"page","link":"https:\/\/www.lhc-vacances.fr\/blog\/bienvenue\/hyeres-salins\/","title":{"rendered":"Studio Hy\u00e8res-Salins &#8211; 2p"},"content":{"rendered":"<p><a href=\"http:\/\/www.lhc-vacances.fr\/blog\/wp-content\/uploads\/2014\/10\/plan.png\"><img loading=\"lazy\" decoding=\"async\" class=\"size-full wp-image-379\" src=\"http:\/\/www.lhc-vacances.fr\/blog\/wp-content\/uploads\/2014\/10\/plan.png\" alt=\"Am\u00e9nagement pour 2 personnes\" width=\"300\" height=\"225\" align=\"right\" \/><\/a><br \/>\nUn studio pour les amoureux de la nature, \u00e0 c\u00f4t\u00e9 de l&rsquo;<strong>espace naturel prot\u00e9g\u00e9<\/strong> des anciens Salins d&rsquo;Hy\u00e8res, loin des yatchs pour des vacances authentiques !<\/p>\n<ul>\n<li>Balcon avec barbecue \u00e9l\u00e9ctrique,<\/li>\n<li>Plage naturelle \u00e0 100 m,<\/li>\n<li>Sentier littoral \u00e0 proximit\u00e9 imm\u00e9diate,<\/li>\n<li>Parking privatif,<\/li>\n<\/ul>\n<p><strong>Id\u00e9al pour des vacances en couple<\/strong>, d&rsquo;autant que le tarif raisonnable vous laissera plus de budget pour les sorties et activit\u00e9s !<br \/>\nPlus d\u2019informations, photos et tarifs : <a title=\"Studio \u00e0 50 m de la plage \u00e0 Hy\u00e8res\" href=\"http:\/\/www.lhc-vacances.fr\/hyeres-salins.php\" target=\"_blank\" rel=\"noopener noreferrer\">www.lhc-vacances.fr<\/a><\/p>\n<div id='gallery-1' class='gallery galleryid-413 gallery-columns-3 gallery-size-thumbnail'><figure class='gallery-item'>\n\t\t\t<div class='gallery-icon landscape'>\n\t\t\t\t<a href='https:\/\/www.lhc-vacances.fr\/blog\/wp-content\/uploads\/2019\/06\/01_residence-2-e1560154945272.jpg'><img loading=\"lazy\" decoding=\"async\" width=\"160\" height=\"120\" src=\"https:\/\/www.lhc-vacances.fr\/blog\/wp-content\/uploads\/2019\/06\/01_residence-2-160x120.jpg\" class=\"attachment-thumbnail size-thumbnail\" alt=\"\" aria-describedby=\"gallery-1-1317\" srcset=\"https:\/\/www.lhc-vacances.fr\/blog\/wp-content\/uploads\/2019\/06\/01_residence-2-160x120.jpg 160w, https:\/\/www.lhc-vacances.fr\/blog\/wp-content\/uploads\/2019\/06\/01_residence-2-400x300.jpg 400w, https:\/\/www.lhc-vacances.fr\/blog\/wp-content\/uploads\/2019\/06\/01_residence-2-640x480.jpg 640w\" sizes=\"auto, (max-width: 160px) 100vw, 160px\" \/><\/a>\n\t\t\t<\/div>\n\t\t\t\t<figcaption class='wp-caption-text gallery-caption' id='gallery-1-1317'>\n\t\t\t\tR\u00e9sidence en bord de mer\n\t\t\t\t<\/figcaption><\/figure><figure class='gallery-item'>\n\t\t\t<div class='gallery-icon landscape'>\n\t\t\t\t<a href='https:\/\/www.lhc-vacances.fr\/blog\/wp-content\/uploads\/2019\/06\/04_parking-e1560154977942.jpg'><img loading=\"lazy\" decoding=\"async\" width=\"160\" height=\"120\" src=\"https:\/\/www.lhc-vacances.fr\/blog\/wp-content\/uploads\/2019\/06\/04_parking-160x120.jpg\" class=\"attachment-thumbnail size-thumbnail\" alt=\"\" aria-describedby=\"gallery-1-1320\" srcset=\"https:\/\/www.lhc-vacances.fr\/blog\/wp-content\/uploads\/2019\/06\/04_parking-160x120.jpg 160w, https:\/\/www.lhc-vacances.fr\/blog\/wp-content\/uploads\/2019\/06\/04_parking-400x300.jpg 400w, https:\/\/www.lhc-vacances.fr\/blog\/wp-content\/uploads\/2019\/06\/04_parking-640x480.jpg 640w\" sizes=\"auto, (max-width: 160px) 100vw, 160px\" \/><\/a>\n\t\t\t<\/div>\n\t\t\t\t<figcaption class='wp-caption-text gallery-caption' id='gallery-1-1320'>\n\t\t\t\tParking privatif\n\t\t\t\t<\/figcaption><\/figure><figure class='gallery-item'>\n\t\t\t<div class='gallery-icon landscape'>\n\t\t\t\t<a href='https:\/\/www.lhc-vacances.fr\/blog\/wp-content\/uploads\/2023\/06\/07_piece.jpg'><img loading=\"lazy\" decoding=\"async\" width=\"160\" height=\"120\" src=\"https:\/\/www.lhc-vacances.fr\/blog\/wp-content\/uploads\/2023\/06\/07_piece-160x120.jpg\" class=\"attachment-thumbnail size-thumbnail\" alt=\"\" aria-describedby=\"gallery-1-1656\" srcset=\"https:\/\/www.lhc-vacances.fr\/blog\/wp-content\/uploads\/2023\/06\/07_piece-160x120.jpg 160w, https:\/\/www.lhc-vacances.fr\/blog\/wp-content\/uploads\/2023\/06\/07_piece-400x300.jpg 400w, https:\/\/www.lhc-vacances.fr\/blog\/wp-content\/uploads\/2023\/06\/07_piece-640x480.jpg 640w\" sizes=\"auto, (max-width: 160px) 100vw, 160px\" \/><\/a>\n\t\t\t<\/div>\n\t\t\t\t<figcaption class='wp-caption-text gallery-caption' id='gallery-1-1656'>\n\t\t\t\tCanap\u00e9 convertible de qualit\u00e9\n\t\t\t\t<\/figcaption><\/figure><figure class='gallery-item'>\n\t\t\t<div class='gallery-icon landscape'>\n\t\t\t\t<a href='https:\/\/www.lhc-vacances.fr\/blog\/wp-content\/uploads\/2023\/06\/08_cuisine.jpg'><img loading=\"lazy\" decoding=\"async\" width=\"160\" height=\"120\" src=\"https:\/\/www.lhc-vacances.fr\/blog\/wp-content\/uploads\/2023\/06\/08_cuisine-160x120.jpg\" class=\"attachment-thumbnail size-thumbnail\" alt=\"\" aria-describedby=\"gallery-1-1657\" srcset=\"https:\/\/www.lhc-vacances.fr\/blog\/wp-content\/uploads\/2023\/06\/08_cuisine-160x120.jpg 160w, https:\/\/www.lhc-vacances.fr\/blog\/wp-content\/uploads\/2023\/06\/08_cuisine-400x300.jpg 400w, https:\/\/www.lhc-vacances.fr\/blog\/wp-content\/uploads\/2023\/06\/08_cuisine-640x480.jpg 640w\" sizes=\"auto, (max-width: 160px) 100vw, 160px\" \/><\/a>\n\t\t\t<\/div>\n\t\t\t\t<figcaption class='wp-caption-text gallery-caption' id='gallery-1-1657'>\n\t\t\t\tCuisine\n\t\t\t\t<\/figcaption><\/figure><figure class='gallery-item'>\n\t\t\t<div class='gallery-icon landscape'>\n\t\t\t\t<a href='https:\/\/www.lhc-vacances.fr\/blog\/wp-content\/uploads\/2023\/06\/06_piece.jpg'><img loading=\"lazy\" decoding=\"async\" width=\"160\" height=\"120\" src=\"https:\/\/www.lhc-vacances.fr\/blog\/wp-content\/uploads\/2023\/06\/06_piece-160x120.jpg\" class=\"attachment-thumbnail size-thumbnail\" alt=\"\" aria-describedby=\"gallery-1-1655\" srcset=\"https:\/\/www.lhc-vacances.fr\/blog\/wp-content\/uploads\/2023\/06\/06_piece-160x120.jpg 160w, https:\/\/www.lhc-vacances.fr\/blog\/wp-content\/uploads\/2023\/06\/06_piece-400x300.jpg 400w, https:\/\/www.lhc-vacances.fr\/blog\/wp-content\/uploads\/2023\/06\/06_piece-640x480.jpg 640w\" sizes=\"auto, (max-width: 160px) 100vw, 160px\" \/><\/a>\n\t\t\t<\/div>\n\t\t\t\t<figcaption class='wp-caption-text gallery-caption' id='gallery-1-1655'>\n\t\t\t\tPi\u00e8ce principale\n\t\t\t\t<\/figcaption><\/figure><figure class='gallery-item'>\n\t\t\t<div class='gallery-icon landscape'>\n\t\t\t\t<a href='https:\/\/www.lhc-vacances.fr\/blog\/wp-content\/uploads\/2023\/06\/05_piece.jpg'><img loading=\"lazy\" decoding=\"async\" width=\"160\" height=\"120\" src=\"https:\/\/www.lhc-vacances.fr\/blog\/wp-content\/uploads\/2023\/06\/05_piece-160x120.jpg\" class=\"attachment-thumbnail size-thumbnail\" alt=\"\" srcset=\"https:\/\/www.lhc-vacances.fr\/blog\/wp-content\/uploads\/2023\/06\/05_piece-160x120.jpg 160w, https:\/\/www.lhc-vacances.fr\/blog\/wp-content\/uploads\/2023\/06\/05_piece-400x300.jpg 400w, https:\/\/www.lhc-vacances.fr\/blog\/wp-content\/uploads\/2023\/06\/05_piece-640x480.jpg 640w\" sizes=\"auto, (max-width: 160px) 100vw, 160px\" \/><\/a>\n\t\t\t<\/div><\/figure><figure class='gallery-item'>\n\t\t\t<div class='gallery-icon landscape'>\n\t\t\t\t<a href='https:\/\/www.lhc-vacances.fr\/blog\/wp-content\/uploads\/2019\/06\/06_piece-2-e1560154995294.jpg'><img loading=\"lazy\" decoding=\"async\" width=\"160\" height=\"120\" src=\"https:\/\/www.lhc-vacances.fr\/blog\/wp-content\/uploads\/2019\/06\/06_piece-2-160x120.jpg\" class=\"attachment-thumbnail size-thumbnail\" alt=\"\" aria-describedby=\"gallery-1-1322\" srcset=\"https:\/\/www.lhc-vacances.fr\/blog\/wp-content\/uploads\/2019\/06\/06_piece-2-160x120.jpg 160w, https:\/\/www.lhc-vacances.fr\/blog\/wp-content\/uploads\/2019\/06\/06_piece-2-400x300.jpg 400w, https:\/\/www.lhc-vacances.fr\/blog\/wp-content\/uploads\/2019\/06\/06_piece-2-640x480.jpg 640w\" sizes=\"auto, (max-width: 160px) 100vw, 160px\" \/><\/a>\n\t\t\t<\/div>\n\t\t\t\t<figcaption class='wp-caption-text gallery-caption' id='gallery-1-1322'>\n\t\t\t\tTV, mini-cha\u00eene, box internet\n\t\t\t\t<\/figcaption><\/figure><figure class='gallery-item'>\n\t\t\t<div class='gallery-icon landscape'>\n\t\t\t\t<a href='https:\/\/www.lhc-vacances.fr\/blog\/wp-content\/uploads\/2023\/06\/09_sdb.jpg'><img loading=\"lazy\" decoding=\"async\" width=\"160\" height=\"120\" src=\"https:\/\/www.lhc-vacances.fr\/blog\/wp-content\/uploads\/2023\/06\/09_sdb-160x120.jpg\" class=\"attachment-thumbnail size-thumbnail\" alt=\"\" aria-describedby=\"gallery-1-1658\" srcset=\"https:\/\/www.lhc-vacances.fr\/blog\/wp-content\/uploads\/2023\/06\/09_sdb-160x120.jpg 160w, https:\/\/www.lhc-vacances.fr\/blog\/wp-content\/uploads\/2023\/06\/09_sdb-400x300.jpg 400w, https:\/\/www.lhc-vacances.fr\/blog\/wp-content\/uploads\/2023\/06\/09_sdb-640x480.jpg 640w\" sizes=\"auto, (max-width: 160px) 100vw, 160px\" \/><\/a>\n\t\t\t<\/div>\n\t\t\t\t<figcaption class='wp-caption-text gallery-caption' id='gallery-1-1658'>\n\t\t\t\tSalle d&rsquo;eau\n\t\t\t\t<\/figcaption><\/figure><figure class='gallery-item'>\n\t\t\t<div class='gallery-icon landscape'>\n\t\t\t\t<a href='https:\/\/www.lhc-vacances.fr\/blog\/wp-content\/uploads\/2019\/06\/03_terrasse-3-e1560154967949.jpg'><img loading=\"lazy\" decoding=\"async\" width=\"160\" height=\"120\" src=\"https:\/\/www.lhc-vacances.fr\/blog\/wp-content\/uploads\/2019\/06\/03_terrasse-3-160x120.jpg\" class=\"attachment-thumbnail size-thumbnail\" alt=\"\" aria-describedby=\"gallery-1-1319\" srcset=\"https:\/\/www.lhc-vacances.fr\/blog\/wp-content\/uploads\/2019\/06\/03_terrasse-3-160x120.jpg 160w, https:\/\/www.lhc-vacances.fr\/blog\/wp-content\/uploads\/2019\/06\/03_terrasse-3-400x300.jpg 400w, https:\/\/www.lhc-vacances.fr\/blog\/wp-content\/uploads\/2019\/06\/03_terrasse-3-640x480.jpg 640w\" sizes=\"auto, (max-width: 160px) 100vw, 160px\" \/><\/a>\n\t\t\t<\/div>\n\t\t\t\t<figcaption class='wp-caption-text gallery-caption' id='gallery-1-1319'>\n\t\t\t\tTerrasse \n\t\t\t\t<\/figcaption><\/figure><figure class='gallery-item'>\n\t\t\t<div class='gallery-icon landscape'>\n\t\t\t\t<a href='https:\/\/www.lhc-vacances.fr\/blog\/wp-content\/uploads\/2019\/06\/12_plage-1-e1560155056119.jpg'><img loading=\"lazy\" decoding=\"async\" width=\"160\" height=\"120\" src=\"https:\/\/www.lhc-vacances.fr\/blog\/wp-content\/uploads\/2019\/06\/12_plage-1-160x120.jpg\" class=\"attachment-thumbnail size-thumbnail\" alt=\"\" aria-describedby=\"gallery-1-1328\" srcset=\"https:\/\/www.lhc-vacances.fr\/blog\/wp-content\/uploads\/2019\/06\/12_plage-1-160x120.jpg 160w, https:\/\/www.lhc-vacances.fr\/blog\/wp-content\/uploads\/2019\/06\/12_plage-1-400x300.jpg 400w, https:\/\/www.lhc-vacances.fr\/blog\/wp-content\/uploads\/2019\/06\/12_plage-1-640x480.jpg 640w\" sizes=\"auto, (max-width: 160px) 100vw, 160px\" \/><\/a>\n\t\t\t<\/div>\n\t\t\t\t<figcaption class='wp-caption-text gallery-caption' id='gallery-1-1328'>\n\t\t\t\tPlage \u00e0 100 m \n\t\t\t\t<\/figcaption><\/figure><figure class='gallery-item'>\n\t\t\t<div class='gallery-icon landscape'>\n\t\t\t\t<a href='https:\/\/www.lhc-vacances.fr\/blog\/wp-content\/uploads\/2019\/06\/14_salins-e1560155068272.jpg'><img loading=\"lazy\" decoding=\"async\" width=\"160\" height=\"120\" src=\"https:\/\/www.lhc-vacances.fr\/blog\/wp-content\/uploads\/2019\/06\/14_salins-160x120.jpg\" class=\"attachment-thumbnail size-thumbnail\" alt=\"\" aria-describedby=\"gallery-1-1329\" srcset=\"https:\/\/www.lhc-vacances.fr\/blog\/wp-content\/uploads\/2019\/06\/14_salins-160x120.jpg 160w, https:\/\/www.lhc-vacances.fr\/blog\/wp-content\/uploads\/2019\/06\/14_salins-400x300.jpg 400w, https:\/\/www.lhc-vacances.fr\/blog\/wp-content\/uploads\/2019\/06\/14_salins-640x480.jpg 640w\" sizes=\"auto, (max-width: 160px) 100vw, 160px\" \/><\/a>\n\t\t\t<\/div>\n\t\t\t\t<figcaption class='wp-caption-text gallery-caption' id='gallery-1-1329'>\n\t\t\t\tSentier littoral\n\t\t\t\t<\/figcaption><\/figure><figure class='gallery-item'>\n\t\t\t<div class='gallery-icon landscape'>\n\t\t\t\t<a href='https:\/\/www.lhc-vacances.fr\/blog\/wp-content\/uploads\/2019\/06\/10_piste-e1560155044307.jpg'><img loading=\"lazy\" decoding=\"async\" width=\"160\" height=\"120\" src=\"https:\/\/www.lhc-vacances.fr\/blog\/wp-content\/uploads\/2019\/06\/10_piste-160x120.jpg\" class=\"attachment-thumbnail size-thumbnail\" alt=\"\" aria-describedby=\"gallery-1-1327\" srcset=\"https:\/\/www.lhc-vacances.fr\/blog\/wp-content\/uploads\/2019\/06\/10_piste-160x120.jpg 160w, https:\/\/www.lhc-vacances.fr\/blog\/wp-content\/uploads\/2019\/06\/10_piste-400x300.jpg 400w, https:\/\/www.lhc-vacances.fr\/blog\/wp-content\/uploads\/2019\/06\/10_piste-640x480.jpg 640w\" sizes=\"auto, (max-width: 160px) 100vw, 160px\" \/><\/a>\n\t\t\t<\/div>\n\t\t\t\t<figcaption class='wp-caption-text gallery-caption' id='gallery-1-1327'>\n\t\t\t\tPistes cyclables \u00e0 500 m\n\t\t\t\t<\/figcaption><\/figure>\n\t\t<\/div>\n\n","protected":false},"excerpt":{"rendered":"<div class=\"mh-excerpt\"><p>Un studio pour les amoureux de la nature, \u00e0 c\u00f4t\u00e9 de l&rsquo;espace naturel prot\u00e9g\u00e9 des anciens Salins d&rsquo;Hy\u00e8res, loin des yatchs pour des vacances authentiques <a class=\"mh-excerpt-more\" href=\"https:\/\/www.lhc-vacances.fr\/blog\/bienvenue\/hyeres-salins\/\" title=\"Studio Hy\u00e8res-Salins &#8211; 2p\">[&#8230;]<\/a><\/p>\n<\/div>","protected":false},"author":1,"featured_media":0,"parent":2,"menu_order":4,"comment_status":"open","ping_status":"open","template":"","meta":{"footnotes":""},"class_list":["post-413","page","type-page","status-publish","hentry"],"yoast_head":"<!-- This site is optimized with the Yoast SEO plugin v25.0 - https:\/\/yoast.com\/wordpress\/plugins\/seo\/ -->\n<title>Studio Hy\u00e8res-Salins - 2p - Le Blog LHC - Plages, nature, sport et d\u00e9couverte<\/title>\n<meta name=\"robots\" content=\"index, follow, max-snippet:-1, max-image-preview:large, max-video-preview:-1\" \/>\n<link rel=\"canonical\" href=\"https:\/\/www.lhc-vacances.fr\/blog\/bienvenue\/hyeres-salins\/\" \/>\n<meta property=\"og:locale\" content=\"fr_FR\" \/>\n<meta property=\"og:type\" content=\"article\" \/>\n<meta property=\"og:title\" content=\"Studio Hy\u00e8res-Salins - 2p - Le Blog LHC - Plages, nature, sport et d\u00e9couverte\" \/>\n<meta property=\"og:description\" content=\"Un studio pour les amoureux de la nature, \u00e0 c\u00f4t\u00e9 de l&rsquo;espace naturel prot\u00e9g\u00e9 des anciens Salins d&rsquo;Hy\u00e8res, loin des yatchs pour des vacances authentiques [...]\" \/>\n<meta property=\"og:url\" content=\"https:\/\/www.lhc-vacances.fr\/blog\/bienvenue\/hyeres-salins\/\" \/>\n<meta property=\"og:site_name\" content=\"Le Blog LHC - Plages, nature, sport et d\u00e9couverte\" \/>\n<meta property=\"article:publisher\" content=\"https:\/\/www.facebook.com\/lhcvacances\/\" \/>\n<meta property=\"article:modified_time\" content=\"2023-06-14T13:45:03+00:00\" \/>\n<meta property=\"og:image\" content=\"https:\/\/www.lhc-vacances.fr\/blog\/wp-content\/uploads\/2019\/06\/01_residence-2-160x120.jpg\" \/>\n<meta name=\"twitter:card\" content=\"summary_large_image\" \/>\n<script type=\"application\/ld+json\" class=\"yoast-schema-graph\">{\"@context\":\"https:\/\/schema.org\",\"@graph\":[{\"@type\":\"WebPage\",\"@id\":\"https:\/\/www.lhc-vacances.fr\/blog\/bienvenue\/hyeres-salins\/\",\"url\":\"https:\/\/www.lhc-vacances.fr\/blog\/bienvenue\/hyeres-salins\/\",\"name\":\"Studio Hy\u00e8res-Salins - 2p - Le Blog LHC - Plages, nature, sport et d\u00e9couverte\",\"isPartOf\":{\"@id\":\"https:\/\/www.lhc-vacances.fr\/blog\/#website\"},\"primaryImageOfPage\":{\"@id\":\"https:\/\/www.lhc-vacances.fr\/blog\/bienvenue\/hyeres-salins\/#primaryimage\"},\"image\":{\"@id\":\"https:\/\/www.lhc-vacances.fr\/blog\/bienvenue\/hyeres-salins\/#primaryimage\"},\"thumbnailUrl\":\"http:\/\/www.lhc-vacances.fr\/blog\/wp-content\/uploads\/2014\/10\/plan.png\",\"datePublished\":\"2013-11-27T22:53:09+00:00\",\"dateModified\":\"2023-06-14T13:45:03+00:00\",\"breadcrumb\":{\"@id\":\"https:\/\/www.lhc-vacances.fr\/blog\/bienvenue\/hyeres-salins\/#breadcrumb\"},\"inLanguage\":\"fr-FR\",\"potentialAction\":[{\"@type\":\"ReadAction\",\"target\":[\"https:\/\/www.lhc-vacances.fr\/blog\/bienvenue\/hyeres-salins\/\"]}]},{\"@type\":\"ImageObject\",\"inLanguage\":\"fr-FR\",\"@id\":\"https:\/\/www.lhc-vacances.fr\/blog\/bienvenue\/hyeres-salins\/#primaryimage\",\"url\":\"https:\/\/www.lhc-vacances.fr\/blog\/wp-content\/uploads\/2014\/10\/plan.png\",\"contentUrl\":\"https:\/\/www.lhc-vacances.fr\/blog\/wp-content\/uploads\/2014\/10\/plan.png\",\"width\":700,\"height\":480,\"caption\":\"Am\u00e9nagement pour 2 personnes\"},{\"@type\":\"BreadcrumbList\",\"@id\":\"https:\/\/www.lhc-vacances.fr\/blog\/bienvenue\/hyeres-salins\/#breadcrumb\",\"itemListElement\":[{\"@type\":\"ListItem\",\"position\":1,\"name\":\"Accueil\",\"item\":\"https:\/\/www.lhc-vacances.fr\/blog\/\"},{\"@type\":\"ListItem\",\"position\":2,\"name\":\"Locations\",\"item\":\"https:\/\/www.lhc-vacances.fr\/blog\/bienvenue\/\"},{\"@type\":\"ListItem\",\"position\":3,\"name\":\"Studio Hy\u00e8res-Salins &#8211; 2p\"}]},{\"@type\":\"WebSite\",\"@id\":\"https:\/\/www.lhc-vacances.fr\/blog\/#website\",\"url\":\"https:\/\/www.lhc-vacances.fr\/blog\/\",\"name\":\"Le Blog LHC - Plages, nature, sport et d\u00e9couverte\",\"description\":\"www.lhc-vacances.fr\",\"publisher\":{\"@id\":\"https:\/\/www.lhc-vacances.fr\/blog\/#organization\"},\"potentialAction\":[{\"@type\":\"SearchAction\",\"target\":{\"@type\":\"EntryPoint\",\"urlTemplate\":\"https:\/\/www.lhc-vacances.fr\/blog\/?s={search_term_string}\"},\"query-input\":{\"@type\":\"PropertyValueSpecification\",\"valueRequired\":true,\"valueName\":\"search_term_string\"}}],\"inLanguage\":\"fr-FR\"},{\"@type\":\"Organization\",\"@id\":\"https:\/\/www.lhc-vacances.fr\/blog\/#organization\",\"name\":\"LHC Vacances\",\"url\":\"https:\/\/www.lhc-vacances.fr\/blog\/\",\"logo\":{\"@type\":\"ImageObject\",\"inLanguage\":\"fr-FR\",\"@id\":\"https:\/\/www.lhc-vacances.fr\/blog\/#\/schema\/logo\/image\/\",\"url\":\"https:\/\/www.lhc-vacances.fr\/blog\/wp-content\/uploads\/2021\/08\/carte-visite.jpg\",\"contentUrl\":\"https:\/\/www.lhc-vacances.fr\/blog\/wp-content\/uploads\/2021\/08\/carte-visite.jpg\",\"width\":722,\"height\":471,\"caption\":\"LHC Vacances\"},\"image\":{\"@id\":\"https:\/\/www.lhc-vacances.fr\/blog\/#\/schema\/logo\/image\/\"},\"sameAs\":[\"https:\/\/www.facebook.com\/lhcvacances\/\"]}]}<\/script>\n<!-- \/ Yoast SEO plugin. -->","yoast_head_json":{"title":"Studio Hy\u00e8res-Salins - 2p - Le Blog LHC - Plages, nature, sport et d\u00e9couverte","robots":{"index":"index","follow":"follow","max-snippet":"max-snippet:-1","max-image-preview":"max-image-preview:large","max-video-preview":"max-video-preview:-1"},"canonical":"https:\/\/www.lhc-vacances.fr\/blog\/bienvenue\/hyeres-salins\/","og_locale":"fr_FR","og_type":"article","og_title":"Studio Hy\u00e8res-Salins - 2p - Le Blog LHC - Plages, nature, sport et d\u00e9couverte","og_description":"Un studio pour les amoureux de la nature, \u00e0 c\u00f4t\u00e9 de l&rsquo;espace naturel prot\u00e9g\u00e9 des anciens Salins d&rsquo;Hy\u00e8res, loin des yatchs pour des vacances authentiques [...]","og_url":"https:\/\/www.lhc-vacances.fr\/blog\/bienvenue\/hyeres-salins\/","og_site_name":"Le Blog LHC - Plages, nature, sport et d\u00e9couverte","article_publisher":"https:\/\/www.facebook.com\/lhcvacances\/","article_modified_time":"2023-06-14T13:45:03+00:00","og_image":[{"url":"https:\/\/www.lhc-vacances.fr\/blog\/wp-content\/uploads\/2019\/06\/01_residence-2-160x120.jpg","type":"","width":"","height":""}],"twitter_card":"summary_large_image","schema":{"@context":"https:\/\/schema.org","@graph":[{"@type":"WebPage","@id":"https:\/\/www.lhc-vacances.fr\/blog\/bienvenue\/hyeres-salins\/","url":"https:\/\/www.lhc-vacances.fr\/blog\/bienvenue\/hyeres-salins\/","name":"Studio Hy\u00e8res-Salins - 2p - Le Blog LHC - Plages, nature, sport et d\u00e9couverte","isPartOf":{"@id":"https:\/\/www.lhc-vacances.fr\/blog\/#website"},"primaryImageOfPage":{"@id":"https:\/\/www.lhc-vacances.fr\/blog\/bienvenue\/hyeres-salins\/#primaryimage"},"image":{"@id":"https:\/\/www.lhc-vacances.fr\/blog\/bienvenue\/hyeres-salins\/#primaryimage"},"thumbnailUrl":"http:\/\/www.lhc-vacances.fr\/blog\/wp-content\/uploads\/2014\/10\/plan.png","datePublished":"2013-11-27T22:53:09+00:00","dateModified":"2023-06-14T13:45:03+00:00","breadcrumb":{"@id":"https:\/\/www.lhc-vacances.fr\/blog\/bienvenue\/hyeres-salins\/#breadcrumb"},"inLanguage":"fr-FR","potentialAction":[{"@type":"ReadAction","target":["https:\/\/www.lhc-vacances.fr\/blog\/bienvenue\/hyeres-salins\/"]}]},{"@type":"ImageObject","inLanguage":"fr-FR","@id":"https:\/\/www.lhc-vacances.fr\/blog\/bienvenue\/hyeres-salins\/#primaryimage","url":"https:\/\/www.lhc-vacances.fr\/blog\/wp-content\/uploads\/2014\/10\/plan.png","contentUrl":"https:\/\/www.lhc-vacances.fr\/blog\/wp-content\/uploads\/2014\/10\/plan.png","width":700,"height":480,"caption":"Am\u00e9nagement pour 2 personnes"},{"@type":"BreadcrumbList","@id":"https:\/\/www.lhc-vacances.fr\/blog\/bienvenue\/hyeres-salins\/#breadcrumb","itemListElement":[{"@type":"ListItem","position":1,"name":"Accueil","item":"https:\/\/www.lhc-vacances.fr\/blog\/"},{"@type":"ListItem","position":2,"name":"Locations","item":"https:\/\/www.lhc-vacances.fr\/blog\/bienvenue\/"},{"@type":"ListItem","position":3,"name":"Studio Hy\u00e8res-Salins &#8211; 2p"}]},{"@type":"WebSite","@id":"https:\/\/www.lhc-vacances.fr\/blog\/#website","url":"https:\/\/www.lhc-vacances.fr\/blog\/","name":"Le Blog LHC - Plages, nature, sport et d\u00e9couverte","description":"www.lhc-vacances.fr","publisher":{"@id":"https:\/\/www.lhc-vacances.fr\/blog\/#organization"},"potentialAction":[{"@type":"SearchAction","target":{"@type":"EntryPoint","urlTemplate":"https:\/\/www.lhc-vacances.fr\/blog\/?s={search_term_string}"},"query-input":{"@type":"PropertyValueSpecification","valueRequired":true,"valueName":"search_term_string"}}],"inLanguage":"fr-FR"},{"@type":"Organization","@id":"https:\/\/www.lhc-vacances.fr\/blog\/#organization","name":"LHC Vacances","url":"https:\/\/www.lhc-vacances.fr\/blog\/","logo":{"@type":"ImageObject","inLanguage":"fr-FR","@id":"https:\/\/www.lhc-vacances.fr\/blog\/#\/schema\/logo\/image\/","url":"https:\/\/www.lhc-vacances.fr\/blog\/wp-content\/uploads\/2021\/08\/carte-visite.jpg","contentUrl":"https:\/\/www.lhc-vacances.fr\/blog\/wp-content\/uploads\/2021\/08\/carte-visite.jpg","width":722,"height":471,"caption":"LHC Vacances"},"image":{"@id":"https:\/\/www.lhc-vacances.fr\/blog\/#\/schema\/logo\/image\/"},"sameAs":["https:\/\/www.facebook.com\/lhcvacances\/"]}]}},"_links":{"self":[{"href":"https:\/\/www.lhc-vacances.fr\/blog\/wp-json\/wp\/v2\/pages\/413","targetHints":{"allow":["GET"]}}],"collection":[{"href":"https:\/\/www.lhc-vacances.fr\/blog\/wp-json\/wp\/v2\/pages"}],"about":[{"href":"https:\/\/www.lhc-vacances.fr\/blog\/wp-json\/wp\/v2\/types\/page"}],"author":[{"embeddable":true,"href":"https:\/\/www.lhc-vacances.fr\/blog\/wp-json\/wp\/v2\/users\/1"}],"replies":[{"embeddable":true,"href":"https:\/\/www.lhc-vacances.fr\/blog\/wp-json\/wp\/v2\/comments?post=413"}],"version-history":[{"count":24,"href":"https:\/\/www.lhc-vacances.fr\/blog\/wp-json\/wp\/v2\/pages\/413\/revisions"}],"predecessor-version":[{"id":1659,"href":"https:\/\/www.lhc-vacances.fr\/blog\/wp-json\/wp\/v2\/pages\/413\/revisions\/1659"}],"up":[{"embeddable":true,"href":"https:\/\/www.lhc-vacances.fr\/blog\/wp-json\/wp\/v2\/pages\/2"}],"wp:attachment":[{"href":"https:\/\/www.lhc-vacances.fr\/blog\/wp-json\/wp\/v2\/media?parent=413"}],"curies":[{"name":"wp","href":"https:\/\/api.w.org\/{rel}","templated":true}]}}